{"id":40319,"date":"2025-11-12T11:18:55","date_gmt":"2025-11-12T09:18:55","guid":{"rendered":"https:\/\/www.nordi.ee\/toode\/marija-200-koogikomplekt\/"},"modified":"2026-04-13T05:28:34","modified_gmt":"2026-04-13T02:28:34","slug":"marija-200-koogikomplekt","status":"publish","type":"product","link":"https:\/\/www.nordi.ee\/en\/toode\/marija-200-koogikomplekt\/","title":{"rendered":"MARIJA 200 k\u00f6\u00f6gikomplekt"},"content":{"rendered":"<p>komplekti pikkus: 200 cm, gaasitorud, t\u00f6\u00f6pinna paksus: 28 mm, v\u00e4rvid: esipaneel &#8211; valge lakk, kere &#8211; sonoma tamm, t\u00f6\u00f6pind &#8211; valge<\/p>\n","protected":false},"excerpt":{"rendered":"<p>komplekti pikkus: 200 cm, gaasitorud, t\u00f6\u00f6pinna paksus: 28 mm, v\u00e4rvid: esipaneel &#8211; valge lakk, kere &#8211; sonoma tamm, t\u00f6\u00f6pind &#8211; valge<\/p>\n","protected":false},"featured_media":19872,"comment_status":"closed","ping_status":"open","template":"","meta":{"_gspb_post_css":""},"product_brand":[],"product_cat":[4070],"product_tag":[],"class_list":{"0":"post-40319","1":"product","2":"type-product","3":"status-publish","4":"has-post-thumbnail","6":"product_cat-kitchen-set","7":"pa_korgus-2370","8":"pa_laius-1019","9":"pa_pakkide-arv-2606","10":"pa_stiil-kaasaegne","11":"pa_sugavus-316","12":"pa_vahelaos-jah","13":"pa_varv-valge-korglaige","15":"first","16":"instock","17":"sale","18":"purchasable","19":"product-type-simple"},"_links":{"self":[{"href":"https:\/\/www.nordi.ee\/en\/wp-json\/wp\/v2\/product\/40319","targetHints":{"allow":["GET"]}}],"collection":[{"href":"https:\/\/www.nordi.ee\/en\/wp-json\/wp\/v2\/product"}],"about":[{"href":"https:\/\/www.nordi.ee\/en\/wp-json\/wp\/v2\/types\/product"}],"replies":[{"embeddable":true,"href":"https:\/\/www.nordi.ee\/en\/wp-json\/wp\/v2\/comments?post=40319"}],"wp:featuredmedia":[{"embeddable":true,"href":"https:\/\/www.nordi.ee\/en\/wp-json\/wp\/v2\/media\/19872"}],"wp:attachment":[{"href":"https:\/\/www.nordi.ee\/en\/wp-json\/wp\/v2\/media?parent=40319"}],"wp:term":[{"taxonomy":"product_brand","embeddable":true,"href":"https:\/\/www.nordi.ee\/en\/wp-json\/wp\/v2\/product_brand?post=40319"},{"taxonomy":"product_cat","embeddable":true,"href":"https:\/\/www.nordi.ee\/en\/wp-json\/wp\/v2\/product_cat?post=40319"},{"taxonomy":"product_tag","embeddable":true,"href":"https:\/\/www.nordi.ee\/en\/wp-json\/wp\/v2\/product_tag?post=40319"}],"curies":[{"name":"wp","href":"https:\/\/api.w.org\/{rel}","templated":true}]}}