{"id":40318,"date":"2025-11-12T11:17:39","date_gmt":"2025-11-12T09:17:39","guid":{"rendered":"https:\/\/www.nordi.ee\/toode\/ksenia-240-koogikomplekt-varv-esipaneel-hele-pahkel-pistaatsia-korpus-antriit-toopind-hall\/"},"modified":"2026-04-13T05:28:33","modified_gmt":"2026-04-13T02:28:33","slug":"ksenia-240-koogikomplekt-varv-esipaneel-hele-pahkel-pistaatsia-korpus-antriit-toopind-hall","status":"publish","type":"product","link":"https:\/\/www.nordi.ee\/en\/toode\/ksenia-240-koogikomplekt-varv-esipaneel-hele-pahkel-pistaatsia-korpus-antriit-toopind-hall\/","title":{"rendered":"KSENIA 240 k\u00f6\u00f6gikomplekt, v\u00e4rv: esipaneel &#8211; hele p\u00e4hkel \/ pistaatsia, korpus \u2013 antriit, t\u00f6\u00f6pind \u2013 hall"},"content":{"rendered":"<p>m\u00f5\u00f5tmed: 240 cm, MDF \u00fclemise kapi esipaneelid, gaasit\u00f5stikud, t\u00f6\u00f6pinna paksus 28 mm, v\u00e4rv: esipaneel &#8211; hele p\u00e4hkel \/ pistaatsiap\u00e4hkel, korpus &#8211; antriit, t\u00f6\u00f6pind &#8211; hall<\/p>\n","protected":false},"excerpt":{"rendered":"<p>m\u00f5\u00f5tmed: 240 cm, MDF \u00fclemise kapi esipaneelid, gaasit\u00f5stikud, t\u00f6\u00f6pinna paksus 28 mm, v\u00e4rv: esipaneel &#8211; hele p\u00e4hkel \/ pistaatsiap\u00e4hkel, korpus &#8211; antriit, t\u00f6\u00f6pind &#8211; hall<\/p>\n","protected":false},"featured_media":19870,"comment_status":"closed","ping_status":"open","template":"","meta":{"_gspb_post_css":""},"product_brand":[],"product_cat":[4070],"product_tag":[],"class_list":{"0":"post-40318","1":"product","2":"type-product","3":"status-publish","4":"has-post-thumbnail","6":"product_cat-kitchen-set","7":"pa_korgus-2370","8":"pa_laius-310","9":"pa_pakkide-arv-2376","10":"pa_stiil-kaasaegne","11":"pa_vahelaos-jah","12":"pa_varv-roheline","14":"first","15":"instock","16":"sale","17":"purchasable","18":"product-type-simple"},"_links":{"self":[{"href":"https:\/\/www.nordi.ee\/en\/wp-json\/wp\/v2\/product\/40318","targetHints":{"allow":["GET"]}}],"collection":[{"href":"https:\/\/www.nordi.ee\/en\/wp-json\/wp\/v2\/product"}],"about":[{"href":"https:\/\/www.nordi.ee\/en\/wp-json\/wp\/v2\/types\/product"}],"replies":[{"embeddable":true,"href":"https:\/\/www.nordi.ee\/en\/wp-json\/wp\/v2\/comments?post=40318"}],"wp:featuredmedia":[{"embeddable":true,"href":"https:\/\/www.nordi.ee\/en\/wp-json\/wp\/v2\/media\/19870"}],"wp:attachment":[{"href":"https:\/\/www.nordi.ee\/en\/wp-json\/wp\/v2\/media?parent=40318"}],"wp:term":[{"taxonomy":"product_brand","embeddable":true,"href":"https:\/\/www.nordi.ee\/en\/wp-json\/wp\/v2\/product_brand?post=40318"},{"taxonomy":"product_cat","embeddable":true,"href":"https:\/\/www.nordi.ee\/en\/wp-json\/wp\/v2\/product_cat?post=40318"},{"taxonomy":"product_tag","embeddable":true,"href":"https:\/\/www.nordi.ee\/en\/wp-json\/wp\/v2\/product_tag?post=40318"}],"curies":[{"name":"wp","href":"https:\/\/api.w.org\/{rel}","templated":true}]}}