{"id":40317,"date":"2025-11-12T11:17:39","date_gmt":"2025-11-12T09:17:39","guid":{"rendered":"https:\/\/www.nordi.ee\/toode\/katia-220-koogikomplekt\/"},"modified":"2026-04-13T05:28:32","modified_gmt":"2026-04-13T02:28:32","slug":"katia-220-koogikomplekt","status":"publish","type":"product","link":"https:\/\/www.nordi.ee\/en\/toode\/katia-220-koogikomplekt\/","title":{"rendered":"KATIA 220 k\u00f6\u00f6gikomplekt"},"content":{"rendered":"<p>komplekti pikkus: 220 cm, gaasi t\u00f5stukid, t\u00f6\u00f6pinna paksus: 28 mm, \u00fclemiste ja alumiste kappide reguleerimine, v\u00e4rvid: esipaneel &#8211; helesinine \/ San Marino tamm, korpus &#8211; valge, t\u00f6\u00f6pind &#8211; valge<\/p>\n","protected":false},"excerpt":{"rendered":"<p>komplekti pikkus: 220 cm, gaasi t\u00f5stukid, t\u00f6\u00f6pinna paksus: 28 mm, \u00fclemiste ja alumiste kappide reguleerimine, v\u00e4rvid: esipaneel &#8211; helesinine \/ San Marino tamm, korpus &#8211; valge, t\u00f6\u00f6pind &#8211; valge<\/p>\n","protected":false},"featured_media":19868,"comment_status":"closed","ping_status":"open","template":"","meta":{"_gspb_post_css":""},"product_brand":[],"product_cat":[4070],"product_tag":[],"class_list":{"0":"post-40317","1":"product","2":"type-product","3":"status-publish","4":"has-post-thumbnail","6":"product_cat-kitchen-set","7":"pa_korgus-2370","8":"pa_laius-2604","9":"pa_pakkide-arv-2606","10":"pa_stiil-traditsiooniline","11":"pa_sugavus-316","12":"pa_vahelaos-jah","13":"pa_varv-beez","14":"pa_varv-tamm","16":"first","17":"instock","18":"sale","19":"purchasable","20":"product-type-simple"},"_links":{"self":[{"href":"https:\/\/www.nordi.ee\/en\/wp-json\/wp\/v2\/product\/40317","targetHints":{"allow":["GET"]}}],"collection":[{"href":"https:\/\/www.nordi.ee\/en\/wp-json\/wp\/v2\/product"}],"about":[{"href":"https:\/\/www.nordi.ee\/en\/wp-json\/wp\/v2\/types\/product"}],"replies":[{"embeddable":true,"href":"https:\/\/www.nordi.ee\/en\/wp-json\/wp\/v2\/comments?post=40317"}],"wp:featuredmedia":[{"embeddable":true,"href":"https:\/\/www.nordi.ee\/en\/wp-json\/wp\/v2\/media\/19868"}],"wp:attachment":[{"href":"https:\/\/www.nordi.ee\/en\/wp-json\/wp\/v2\/media?parent=40317"}],"wp:term":[{"taxonomy":"product_brand","embeddable":true,"href":"https:\/\/www.nordi.ee\/en\/wp-json\/wp\/v2\/product_brand?post=40317"},{"taxonomy":"product_cat","embeddable":true,"href":"https:\/\/www.nordi.ee\/en\/wp-json\/wp\/v2\/product_cat?post=40317"},{"taxonomy":"product_tag","embeddable":true,"href":"https:\/\/www.nordi.ee\/en\/wp-json\/wp\/v2\/product_tag?post=40317"}],"curies":[{"name":"wp","href":"https:\/\/api.w.org\/{rel}","templated":true}]}}