{"id":40309,"date":"2025-11-12T11:17:39","date_gmt":"2025-11-12T09:17:39","guid":{"rendered":"https:\/\/www.nordi.ee\/toode\/iva-c-laud-tamm-must\/"},"modified":"2026-04-13T05:28:32","modified_gmt":"2026-04-13T02:28:32","slug":"iva-c-laud-tamm-must","status":"publish","type":"product","link":"https:\/\/www.nordi.ee\/en\/toode\/iva-c-laud-tamm-must\/","title":{"rendered":"Kohvilaud IVA, tamm \/ must"},"content":{"rendered":"<p>m\u00f5\u00f5tmed: 90\/51\/43 cm, materjal: laminaatplaadist, v\u00e4rv: k\u00e4sit\u00f6\u00f6ne tamm \/ must<\/p>\n","protected":false},"excerpt":{"rendered":"<p>m\u00f5\u00f5tmed: 90\/51\/43 cm, materjal: laminaatplaadist, v\u00e4rv: k\u00e4sit\u00f6\u00f6ne tamm \/ must<\/p>\n","protected":false},"featured_media":19864,"comment_status":"closed","ping_status":"closed","template":"","meta":{"_gspb_post_css":""},"product_brand":[],"product_cat":[178,165],"product_tag":[],"class_list":{"0":"post-40309","1":"product","2":"type-product","3":"status-publish","4":"has-post-thumbnail","6":"product_cat-diivanilauad","7":"product_cat-elutuba","8":"pa_korgus-824","9":"pa_laius-1379","10":"pa_laua-varvus-must","11":"pa_laua-viimistlus-matt","12":"pa_lauaplaadi-kuju-ristkulikukujuline","13":"pa_lauaplaadi-materjal-lamineeritud-puitlaastplaat","14":"pa_lisafunktsioonid-alumised-riiulid","15":"pa_pakkide-arv-226","16":"pa_raami-materjal-lamineeritud-puitlaastplaat","17":"pa_raami-varv-artisan-tamm","18":"pa_raami-varv-must","19":"pa_stiil-traditsiooniline","20":"pa_sugavus-351","21":"pa_vahelaos-ei","22":"pa_varv-tamm","23":"pa_varv-must","25":"first","26":"instock","27":"sale","28":"purchasable","29":"product-type-simple"},"_links":{"self":[{"href":"https:\/\/www.nordi.ee\/en\/wp-json\/wp\/v2\/product\/40309","targetHints":{"allow":["GET"]}}],"collection":[{"href":"https:\/\/www.nordi.ee\/en\/wp-json\/wp\/v2\/product"}],"about":[{"href":"https:\/\/www.nordi.ee\/en\/wp-json\/wp\/v2\/types\/product"}],"replies":[{"embeddable":true,"href":"https:\/\/www.nordi.ee\/en\/wp-json\/wp\/v2\/comments?post=40309"}],"wp:featuredmedia":[{"embeddable":true,"href":"https:\/\/www.nordi.ee\/en\/wp-json\/wp\/v2\/media\/19864"}],"wp:attachment":[{"href":"https:\/\/www.nordi.ee\/en\/wp-json\/wp\/v2\/media?parent=40309"}],"wp:term":[{"taxonomy":"product_brand","embeddable":true,"href":"https:\/\/www.nordi.ee\/en\/wp-json\/wp\/v2\/product_brand?post=40309"},{"taxonomy":"product_cat","embeddable":true,"href":"https:\/\/www.nordi.ee\/en\/wp-json\/wp\/v2\/product_cat?post=40309"},{"taxonomy":"product_tag","embeddable":true,"href":"https:\/\/www.nordi.ee\/en\/wp-json\/wp\/v2\/product_tag?post=40309"}],"curies":[{"name":"wp","href":"https:\/\/api.w.org\/{rel}","templated":true}]}}