{"id":40292,"date":"2025-11-12T11:16:57","date_gmt":"2025-11-12T09:16:57","guid":{"rendered":"https:\/\/www.nordi.ee\/toode\/idea-180-koogikomplekt\/"},"modified":"2026-04-13T05:28:31","modified_gmt":"2026-04-13T02:28:31","slug":"idea-180-koogikomplekt","status":"publish","type":"product","link":"https:\/\/www.nordi.ee\/en\/toode\/idea-180-koogikomplekt\/","title":{"rendered":"IDEA 180 k\u00f6\u00f6gikomplekt"},"content":{"rendered":"<p>komplekti pikkus: 180 cm, pehme sulgemismehhanism, t\u00f6\u00f6pinna paksus: 38 mm, v\u00e4rv: esipaneel &#8211; k\u00e4sit\u00f6\u00f6 tamm, korpus &#8211; antriit, t\u00f6\u00f6pind &#8211; antriit<\/p>\n","protected":false},"excerpt":{"rendered":"<p>komplekti pikkus: 180 cm, pehme sulgemismehhanism, t\u00f6\u00f6pinna paksus: 38 mm, v\u00e4rv: esipaneel &#8211; k\u00e4sit\u00f6\u00f6 tamm, korpus &#8211; antriit, t\u00f6\u00f6pind &#8211; antriit<\/p>\n","protected":false},"featured_media":19854,"comment_status":"closed","ping_status":"open","template":"","meta":{"_gspb_post_css":""},"product_brand":[],"product_cat":[4070],"product_tag":[],"class_list":{"0":"post-40292","1":"product","2":"type-product","3":"status-publish","4":"has-post-thumbnail","6":"product_cat-kitchen-set","7":"pa_korgus-2370","8":"pa_laius-1300","9":"pa_pakkide-arv-2603","10":"pa_stiil-loft","11":"pa_stiil-modernne","12":"pa_sugavus-316","13":"pa_vahelaos-jah","14":"pa_varv-tamm","16":"first","17":"instock","18":"sale","19":"purchasable","20":"product-type-simple"},"_links":{"self":[{"href":"https:\/\/www.nordi.ee\/en\/wp-json\/wp\/v2\/product\/40292","targetHints":{"allow":["GET"]}}],"collection":[{"href":"https:\/\/www.nordi.ee\/en\/wp-json\/wp\/v2\/product"}],"about":[{"href":"https:\/\/www.nordi.ee\/en\/wp-json\/wp\/v2\/types\/product"}],"replies":[{"embeddable":true,"href":"https:\/\/www.nordi.ee\/en\/wp-json\/wp\/v2\/comments?post=40292"}],"wp:featuredmedia":[{"embeddable":true,"href":"https:\/\/www.nordi.ee\/en\/wp-json\/wp\/v2\/media\/19854"}],"wp:attachment":[{"href":"https:\/\/www.nordi.ee\/en\/wp-json\/wp\/v2\/media?parent=40292"}],"wp:term":[{"taxonomy":"product_brand","embeddable":true,"href":"https:\/\/www.nordi.ee\/en\/wp-json\/wp\/v2\/product_brand?post=40292"},{"taxonomy":"product_cat","embeddable":true,"href":"https:\/\/www.nordi.ee\/en\/wp-json\/wp\/v2\/product_cat?post=40292"},{"taxonomy":"product_tag","embeddable":true,"href":"https:\/\/www.nordi.ee\/en\/wp-json\/wp\/v2\/product_tag?post=40292"}],"curies":[{"name":"wp","href":"https:\/\/api.w.org\/{rel}","templated":true}]}}