{"id":40265,"date":"2025-11-12T11:16:20","date_gmt":"2025-11-12T09:16:20","guid":{"rendered":"https:\/\/www.nordi.ee\/toode\/formo-km-2-kummut-modulaarse-kapisusteemi-jaoks-kunstniku-tamm-valge\/"},"modified":"2026-04-13T05:28:23","modified_gmt":"2026-04-13T02:28:23","slug":"kummut-farmo-tamm-valge","status":"publish","type":"product","link":"https:\/\/www.nordi.ee\/en\/toode\/kummut-farmo-tamm-valge\/","title":{"rendered":"Kummut FARMO  tamm \/ valge"},"content":{"rendered":"<p>m\u00f5\u00f5tmed: 116\/40\/82 cm; materjal: laminaatlassepuit, v\u00e4rv: korpus &#8211; k\u00e4sit\u00f6\u00f6 tamm, esipaneelid &#8211; valge<\/p>\n","protected":false},"excerpt":{"rendered":"<p>m\u00f5\u00f5tmed: 116\/40\/82 cm; materjal: laminaatlassepuit, v\u00e4rv: korpus &#8211; k\u00e4sit\u00f6\u00f6 tamm, esipaneelid &#8211; valge<\/p>\n","protected":false},"featured_media":19810,"comment_status":"closed","ping_status":"closed","template":"","meta":{"_gspb_post_css":""},"product_brand":[],"product_cat":[4067],"product_tag":[],"class_list":{"0":"post-40265","1":"product","2":"type-product","3":"status-publish","4":"has-post-thumbnail","6":"product_cat-kummutid","7":"pa_korgus-1573","8":"pa_laius-572","9":"pa_materjal-lamineeritud-puitlaastplaat","10":"pa_pakkide-arv-295","11":"pa_stiil-traditsiooniline","12":"pa_vahelaos-jah","13":"pa_varv-artisan-tamm","14":"pa_varv-valge","16":"first","17":"instock","18":"sale","19":"purchasable","20":"product-type-simple"},"_links":{"self":[{"href":"https:\/\/www.nordi.ee\/en\/wp-json\/wp\/v2\/product\/40265","targetHints":{"allow":["GET"]}}],"collection":[{"href":"https:\/\/www.nordi.ee\/en\/wp-json\/wp\/v2\/product"}],"about":[{"href":"https:\/\/www.nordi.ee\/en\/wp-json\/wp\/v2\/types\/product"}],"replies":[{"embeddable":true,"href":"https:\/\/www.nordi.ee\/en\/wp-json\/wp\/v2\/comments?post=40265"}],"wp:featuredmedia":[{"embeddable":true,"href":"https:\/\/www.nordi.ee\/en\/wp-json\/wp\/v2\/media\/19810"}],"wp:attachment":[{"href":"https:\/\/www.nordi.ee\/en\/wp-json\/wp\/v2\/media?parent=40265"}],"wp:term":[{"taxonomy":"product_brand","embeddable":true,"href":"https:\/\/www.nordi.ee\/en\/wp-json\/wp\/v2\/product_brand?post=40265"},{"taxonomy":"product_cat","embeddable":true,"href":"https:\/\/www.nordi.ee\/en\/wp-json\/wp\/v2\/product_cat?post=40265"},{"taxonomy":"product_tag","embeddable":true,"href":"https:\/\/www.nordi.ee\/en\/wp-json\/wp\/v2\/product_tag?post=40265"}],"curies":[{"name":"wp","href":"https:\/\/api.w.org\/{rel}","templated":true}]}}