{"id":40245,"date":"2025-11-12T11:15:42","date_gmt":"2025-11-12T09:15:42","guid":{"rendered":"https:\/\/www.nordi.ee\/toode\/emma-240-koogikomplekt-varv-esipaneel-kasitoo-tamme-must-korpus-susinikupalgi-toopind-must\/"},"modified":"2026-04-13T05:28:15","modified_gmt":"2026-04-13T02:28:15","slug":"emma-240-koogikomplekt-varv-esipaneel-kasitoo-tamme-must-korpus-susinikupalgi-toopind-must","status":"publish","type":"product","link":"https:\/\/www.nordi.ee\/en\/toode\/emma-240-koogikomplekt-varv-esipaneel-kasitoo-tamme-must-korpus-susinikupalgi-toopind-must\/","title":{"rendered":"EMMA 240 k\u00f6\u00f6gikomplekt, v\u00e4rv: esipaneel &#8211; k\u00e4sit\u00f6\u00f6 tamme \/ must, korpus &#8211; s\u00fcsinikupalgi, t\u00f6\u00f6pind &#8211; must"},"content":{"rendered":"<p>komplekti pikkus: 240 cm, MDF alumised kappide fasaadid, gaasit\u00f5stukid, t\u00f6\u00f6pinda paksus 28 mm, v\u00e4rv: esik\u00fcljel &#8211; k\u00e4sit\u00f6\u00f6 tammes \/ must, karkass &#8211; s\u00fcsihall puit, t\u00f6\u00f6pind &#8211; must<\/p>\n","protected":false},"excerpt":{"rendered":"<p>komplekti pikkus: 240 cm, MDF alumised kappide fasaadid, gaasit\u00f5stukid, t\u00f6\u00f6pinda paksus 28 mm, v\u00e4rv: esik\u00fcljel &#8211; k\u00e4sit\u00f6\u00f6 tammes \/ must, karkass &#8211; s\u00fcsihall puit, t\u00f6\u00f6pind &#8211; must<\/p>\n","protected":false},"featured_media":19776,"comment_status":"closed","ping_status":"open","template":"","meta":{"_gspb_post_css":""},"product_brand":[],"product_cat":[4070],"product_tag":[],"class_list":{"0":"post-40245","1":"product","2":"type-product","3":"status-publish","4":"has-post-thumbnail","6":"product_cat-kitchen-set","7":"pa_korgus-2370","8":"pa_laius-310","9":"pa_pakkide-arv-2376","10":"pa_stiil-moodne","11":"pa_stiil-loft","12":"pa_vahelaos-jah","13":"pa_varv-artisan-tamm","14":"pa_varv-must","16":"first","17":"instock","18":"sale","19":"purchasable","20":"product-type-simple"},"_links":{"self":[{"href":"https:\/\/www.nordi.ee\/en\/wp-json\/wp\/v2\/product\/40245","targetHints":{"allow":["GET"]}}],"collection":[{"href":"https:\/\/www.nordi.ee\/en\/wp-json\/wp\/v2\/product"}],"about":[{"href":"https:\/\/www.nordi.ee\/en\/wp-json\/wp\/v2\/types\/product"}],"replies":[{"embeddable":true,"href":"https:\/\/www.nordi.ee\/en\/wp-json\/wp\/v2\/comments?post=40245"}],"wp:featuredmedia":[{"embeddable":true,"href":"https:\/\/www.nordi.ee\/en\/wp-json\/wp\/v2\/media\/19776"}],"wp:attachment":[{"href":"https:\/\/www.nordi.ee\/en\/wp-json\/wp\/v2\/media?parent=40245"}],"wp:term":[{"taxonomy":"product_brand","embeddable":true,"href":"https:\/\/www.nordi.ee\/en\/wp-json\/wp\/v2\/product_brand?post=40245"},{"taxonomy":"product_cat","embeddable":true,"href":"https:\/\/www.nordi.ee\/en\/wp-json\/wp\/v2\/product_cat?post=40245"},{"taxonomy":"product_tag","embeddable":true,"href":"https:\/\/www.nordi.ee\/en\/wp-json\/wp\/v2\/product_tag?post=40245"}],"curies":[{"name":"wp","href":"https:\/\/api.w.org\/{rel}","templated":true}]}}