{"id":40241,"date":"2025-11-12T11:15:06","date_gmt":"2025-11-12T09:15:06","guid":{"rendered":"https:\/\/www.nordi.ee\/toode\/daria-240-koogikomplekt-3\/"},"modified":"2026-04-13T05:28:13","modified_gmt":"2026-04-13T02:28:13","slug":"daria-240-koogikomplekt-3","status":"publish","type":"product","link":"https:\/\/www.nordi.ee\/en\/toode\/daria-240-koogikomplekt-3\/","title":{"rendered":"DARIA 240 k\u00f6\u00f6gikomplekt"},"content":{"rendered":"<p>komplekti pikkus: 240 cm, gaasiballoonid, t\u00f6\u00f6pinna paksus: 28 mm, v\u00e4rvid: esipaneel &#8211; valge, korpus &#8211; sonoma tamme, t\u00f6\u00f6pind &#8211; valge<\/p>\n","protected":false},"excerpt":{"rendered":"<p>komplekti pikkus: 240 cm, gaasiballoonid, t\u00f6\u00f6pinna paksus: 28 mm, v\u00e4rvid: esipaneel &#8211; valge, korpus &#8211; sonoma tamme, t\u00f6\u00f6pind &#8211; valge<\/p>\n","protected":false},"featured_media":19765,"comment_status":"closed","ping_status":"open","template":"","meta":{"_gspb_post_css":""},"product_brand":[],"product_cat":[4070],"product_tag":[],"class_list":{"0":"post-40241","1":"product","2":"type-product","3":"status-publish","4":"has-post-thumbnail","6":"product_cat-kitchen-set","7":"pa_korgus-2370","8":"pa_laius-2369","9":"pa_pakkide-arv-2376","10":"pa_stiil-moodne","11":"pa_stiil-skandinaavia","12":"pa_sugavus-316","13":"pa_vahelaos-jah","14":"pa_varv-valge","16":"first","17":"instock","18":"sale","19":"purchasable","20":"product-type-simple"},"_links":{"self":[{"href":"https:\/\/www.nordi.ee\/en\/wp-json\/wp\/v2\/product\/40241","targetHints":{"allow":["GET"]}}],"collection":[{"href":"https:\/\/www.nordi.ee\/en\/wp-json\/wp\/v2\/product"}],"about":[{"href":"https:\/\/www.nordi.ee\/en\/wp-json\/wp\/v2\/types\/product"}],"replies":[{"embeddable":true,"href":"https:\/\/www.nordi.ee\/en\/wp-json\/wp\/v2\/comments?post=40241"}],"wp:featuredmedia":[{"embeddable":true,"href":"https:\/\/www.nordi.ee\/en\/wp-json\/wp\/v2\/media\/19765"}],"wp:attachment":[{"href":"https:\/\/www.nordi.ee\/en\/wp-json\/wp\/v2\/media?parent=40241"}],"wp:term":[{"taxonomy":"product_brand","embeddable":true,"href":"https:\/\/www.nordi.ee\/en\/wp-json\/wp\/v2\/product_brand?post=40241"},{"taxonomy":"product_cat","embeddable":true,"href":"https:\/\/www.nordi.ee\/en\/wp-json\/wp\/v2\/product_cat?post=40241"},{"taxonomy":"product_tag","embeddable":true,"href":"https:\/\/www.nordi.ee\/en\/wp-json\/wp\/v2\/product_tag?post=40241"}],"curies":[{"name":"wp","href":"https:\/\/api.w.org\/{rel}","templated":true}]}}