{"id":40239,"date":"2025-11-12T11:15:06","date_gmt":"2025-11-12T09:15:06","guid":{"rendered":"https:\/\/www.nordi.ee\/toode\/daria-240-koogikomplekt\/"},"modified":"2026-04-13T05:28:13","modified_gmt":"2026-04-13T02:28:13","slug":"daria-240-koogikomplekt","status":"publish","type":"product","link":"https:\/\/www.nordi.ee\/en\/toode\/daria-240-koogikomplekt\/","title":{"rendered":"DARIA 240 k\u00f6\u00f6gikomplekt"},"content":{"rendered":"<p>komplekti pikkus: 240 cm, gaasiliftid, t\u00f6\u00f6pinna paksus: 28 mm, v\u00e4rvid: esipaneel &#8211; k\u00e4sit\u00f6\u00f6 tamme, korpus &#8211; antriit, t\u00f6\u00f6pind &#8211; antriit<\/p>\n","protected":false},"excerpt":{"rendered":"<p>komplekti pikkus: 240 cm, gaasiliftid, t\u00f6\u00f6pinna paksus: 28 mm, v\u00e4rvid: esipaneel &#8211; k\u00e4sit\u00f6\u00f6 tamme, korpus &#8211; antriit, t\u00f6\u00f6pind &#8211; antriit<\/p>\n","protected":false},"featured_media":19761,"comment_status":"closed","ping_status":"open","template":"","meta":{"_gspb_post_css":""},"product_brand":[],"product_cat":[4070],"product_tag":[],"class_list":{"0":"post-40239","1":"product","2":"type-product","3":"status-publish","4":"has-post-thumbnail","6":"product_cat-kitchen-set","7":"pa_korgus-2370","8":"pa_laius-2369","9":"pa_pakkide-arv-2376","10":"pa_stiil-modernne","11":"pa_stiil-boho","12":"pa_stiil-loft","13":"pa_sugavus-316","14":"pa_vahelaos-jah","15":"pa_varv-tamm","17":"first","18":"instock","19":"sale","20":"purchasable","21":"product-type-simple"},"_links":{"self":[{"href":"https:\/\/www.nordi.ee\/en\/wp-json\/wp\/v2\/product\/40239","targetHints":{"allow":["GET"]}}],"collection":[{"href":"https:\/\/www.nordi.ee\/en\/wp-json\/wp\/v2\/product"}],"about":[{"href":"https:\/\/www.nordi.ee\/en\/wp-json\/wp\/v2\/types\/product"}],"replies":[{"embeddable":true,"href":"https:\/\/www.nordi.ee\/en\/wp-json\/wp\/v2\/comments?post=40239"}],"wp:featuredmedia":[{"embeddable":true,"href":"https:\/\/www.nordi.ee\/en\/wp-json\/wp\/v2\/media\/19761"}],"wp:attachment":[{"href":"https:\/\/www.nordi.ee\/en\/wp-json\/wp\/v2\/media?parent=40239"}],"wp:term":[{"taxonomy":"product_brand","embeddable":true,"href":"https:\/\/www.nordi.ee\/en\/wp-json\/wp\/v2\/product_brand?post=40239"},{"taxonomy":"product_cat","embeddable":true,"href":"https:\/\/www.nordi.ee\/en\/wp-json\/wp\/v2\/product_cat?post=40239"},{"taxonomy":"product_tag","embeddable":true,"href":"https:\/\/www.nordi.ee\/en\/wp-json\/wp\/v2\/product_tag?post=40239"}],"curies":[{"name":"wp","href":"https:\/\/api.w.org\/{rel}","templated":true}]}}