{"id":40208,"date":"2025-11-12T11:14:10","date_gmt":"2025-11-12T09:14:10","guid":{"rendered":"https:\/\/www.nordi.ee\/toode\/elutoamoobli-komplekt-alria\/"},"modified":"2026-04-13T05:28:09","modified_gmt":"2026-04-13T02:28:09","slug":"elutoamoobli-komplekt-alria","status":"publish","type":"product","link":"https:\/\/www.nordi.ee\/en\/toode\/elutoamoobli-komplekt-alria\/","title":{"rendered":"Elutoam\u00f6\u00f6bli komplekt ALRIA"},"content":{"rendered":"<p>m\u00f6\u00f6blikomplekt, materjal: 16 mm puitlaastplaat, plastikk\u00e4epidemed, Hettich hinged, v\u00e4rv: artisaan tamme \/ ka\u0161miir<\/p>\n","protected":false},"excerpt":{"rendered":"<p>m\u00f6\u00f6blikomplekt, materjal: 16 mm puitlaastplaat, plastikk\u00e4epidemed, Hettich hinged, v\u00e4rv: artisaan tamme \/ ka\u0161miir<\/p>\n","protected":false},"featured_media":19743,"comment_status":"closed","ping_status":"open","template":"","meta":{"_gspb_post_css":""},"product_brand":[],"product_cat":[165,193],"product_tag":[],"class_list":{"0":"post-40208","1":"product","2":"type-product","3":"status-publish","4":"has-post-thumbnail","6":"product_cat-elutuba","7":"product_cat-tv-alused","8":"pa_laius-1978","9":"pa_materjal-lamineeritud-puitlaastplaat","10":"pa_pakkide-arv-226","11":"pa_stiil-traditsiooniline","12":"pa_vahelaos-jah","13":"pa_varv-beez","14":"pa_varv-tamm","16":"first","17":"instock","18":"sale","19":"purchasable","20":"product-type-simple"},"_links":{"self":[{"href":"https:\/\/www.nordi.ee\/en\/wp-json\/wp\/v2\/product\/40208","targetHints":{"allow":["GET"]}}],"collection":[{"href":"https:\/\/www.nordi.ee\/en\/wp-json\/wp\/v2\/product"}],"about":[{"href":"https:\/\/www.nordi.ee\/en\/wp-json\/wp\/v2\/types\/product"}],"replies":[{"embeddable":true,"href":"https:\/\/www.nordi.ee\/en\/wp-json\/wp\/v2\/comments?post=40208"}],"wp:featuredmedia":[{"embeddable":true,"href":"https:\/\/www.nordi.ee\/en\/wp-json\/wp\/v2\/media\/19743"}],"wp:attachment":[{"href":"https:\/\/www.nordi.ee\/en\/wp-json\/wp\/v2\/media?parent=40208"}],"wp:term":[{"taxonomy":"product_brand","embeddable":true,"href":"https:\/\/www.nordi.ee\/en\/wp-json\/wp\/v2\/product_brand?post=40208"},{"taxonomy":"product_cat","embeddable":true,"href":"https:\/\/www.nordi.ee\/en\/wp-json\/wp\/v2\/product_cat?post=40208"},{"taxonomy":"product_tag","embeddable":true,"href":"https:\/\/www.nordi.ee\/en\/wp-json\/wp\/v2\/product_tag?post=40208"}],"curies":[{"name":"wp","href":"https:\/\/api.w.org\/{rel}","templated":true}]}}