{"id":40147,"date":"2025-11-12T11:11:17","date_gmt":"2025-11-12T09:11:17","guid":{"rendered":"https:\/\/www.nordi.ee\/toode\/soogilaud-madison-tamm-artisan-metall-raam\/"},"modified":"2026-04-13T05:28:03","modified_gmt":"2026-04-13T02:28:03","slug":"soogilaud-madison-tamm-artisan-metall-raam","status":"publish","type":"product","link":"https:\/\/www.nordi.ee\/en\/toode\/soogilaud-madison-tamm-artisan-metall-raam\/","title":{"rendered":"S\u00f6\u00f6gilaud MADISON \u2013 tamm artisan, metall raam"},"content":{"rendered":"<p>m\u00f5\u00f5dud: 160\u00f7250\/90\/76 cm, pikendatav laud, materjal: pealispind &#8211; vineeritooted, servad &#8211; massiivne puit, jalad &#8211; pulberv\u00e4rvitud teras, v\u00e4rv: pealispind &#8211; hele tamm, jalad &#8211; mustnn\u00d5litatud t\u00f6\u00f6pind &#8211; vajab erilist hooldust, \u00fcksikasjad manuaalis.<\/p>\n","protected":false},"excerpt":{"rendered":"<p>m\u00f5\u00f5dud: 160\u00f7250\/90\/76 cm, pikendatav laud, materjal: pealispind &#8211; vineeritooted, servad &#8211; massiivne puit, jalad &#8211; pulberv\u00e4rvitud teras, v\u00e4rv: pealispind &#8211; hele tamm, jalad &#8211; mustnn\u00d5litatud t\u00f6\u00f6pind &#8211; vajab erilist hooldust, \u00fcksikasjad manuaalis.<\/p>\n","protected":false},"featured_media":19717,"comment_status":"closed","ping_status":"open","template":"","meta":{"_gspb_post_css":""},"product_brand":[],"product_cat":[190,167],"product_tag":[],"class_list":{"0":"post-40147","1":"product","2":"type-product","3":"status-publish","4":"has-post-thumbnail","6":"product_cat-soogilauad","7":"product_cat-soogituba","8":"pa_jalgade-arv-2-4","9":"pa_korgus-406","10":"pa_laius-349","11":"pa_laua-suurus-6-person-8-person","12":"pa_laua-varvus-tamm","13":"pa_laua-viimistlus-matt","14":"pa_lauaplaadi-kuju-ristkulikukujuline","15":"pa_lauaplaadi-materjal-spoon","16":"pa_lisafunktsioonid-pikendatav","17":"pa_maximum-pikkus-4222","18":"pa_pakkide-arv-466","19":"pa_pikendatav-jah","20":"pa_raami-materjal-metall","21":"pa_stiil-loft","22":"pa_sugavus-4084","23":"pa_vahelaos-jah","24":"pa_varv-must","25":"pa_varv-tamm","27":"first","28":"instock","29":"sale","30":"purchasable","31":"product-type-simple"},"_links":{"self":[{"href":"https:\/\/www.nordi.ee\/en\/wp-json\/wp\/v2\/product\/40147","targetHints":{"allow":["GET"]}}],"collection":[{"href":"https:\/\/www.nordi.ee\/en\/wp-json\/wp\/v2\/product"}],"about":[{"href":"https:\/\/www.nordi.ee\/en\/wp-json\/wp\/v2\/types\/product"}],"replies":[{"embeddable":true,"href":"https:\/\/www.nordi.ee\/en\/wp-json\/wp\/v2\/comments?post=40147"}],"wp:featuredmedia":[{"embeddable":true,"href":"https:\/\/www.nordi.ee\/en\/wp-json\/wp\/v2\/media\/19717"}],"wp:attachment":[{"href":"https:\/\/www.nordi.ee\/en\/wp-json\/wp\/v2\/media?parent=40147"}],"wp:term":[{"taxonomy":"product_brand","embeddable":true,"href":"https:\/\/www.nordi.ee\/en\/wp-json\/wp\/v2\/product_brand?post=40147"},{"taxonomy":"product_cat","embeddable":true,"href":"https:\/\/www.nordi.ee\/en\/wp-json\/wp\/v2\/product_cat?post=40147"},{"taxonomy":"product_tag","embeddable":true,"href":"https:\/\/www.nordi.ee\/en\/wp-json\/wp\/v2\/product_tag?post=40147"}],"curies":[{"name":"wp","href":"https:\/\/api.w.org\/{rel}","templated":true}]}}