{"id":40084,"date":"2025-11-12T11:08:25","date_gmt":"2025-11-12T09:08:25","guid":{"rendered":"https:\/\/www.nordi.ee\/toode\/windsor-pikendustabel-varv-tume-tamm-must\/"},"modified":"2026-04-13T05:28:01","modified_gmt":"2026-04-13T02:28:01","slug":"soogilaud-winter-tume-tamm-must","status":"publish","type":"product","link":"https:\/\/www.nordi.ee\/en\/toode\/soogilaud-winter-tume-tamm-must\/","title":{"rendered":"S\u00f6\u00f6gilaud WINTER, tume tamm\/must"},"content":{"rendered":"<p>laiendatav laud, m\u00f5\u00f5tmed: 160-240\/90\/76 cm, materjal: pind &#8211; m\u00f6\u00f6blitahvel + naturaalne tamme lamineering, jalad &#8211; massiivne p\u00f6\u00f6k, v\u00e4rvus: pind &#8211; tume tamm, jalad &#8211; must<\/p>\n","protected":false},"excerpt":{"rendered":"<p>laiendatav laud, m\u00f5\u00f5tmed: 160-240\/90\/76 cm, materjal: pind &#8211; m\u00f6\u00f6blitahvel + naturaalne tamme lamineering, jalad &#8211; massiivne p\u00f6\u00f6k, v\u00e4rvus: pind &#8211; tume tamm, jalad &#8211; must<\/p>\n","protected":false},"featured_media":19701,"comment_status":"closed","ping_status":"closed","template":"","meta":{"_gspb_post_css":""},"product_brand":[],"product_cat":[190,167],"product_tag":[],"class_list":{"0":"post-40084","1":"product","2":"type-product","3":"status-publish","4":"has-post-thumbnail","6":"product_cat-soogilauad","7":"product_cat-soogituba","8":"pa_jalgade-arv-289","9":"pa_korgus-406","10":"pa_laius-349","11":"pa_laua-suurus-10-person-6-person","12":"pa_laua-varvus-tamm","13":"pa_laua-viimistlus-matt","14":"pa_lauaplaadi-kuju-ristkulikukujuline","15":"pa_lauaplaadi-materjal-spoon","16":"pa_maximum-pikkus-4209","17":"pa_pakkide-arv-295","18":"pa_pikendatav-jah","19":"pa_raami-materjal-puit","20":"pa_stiil-klassikaline","21":"pa_sugavus-4084","22":"pa_vahelaos-jah","23":"pa_varv-tamm","24":"pa_varv-must","26":"first","27":"instock","28":"sale","29":"purchasable","30":"product-type-simple"},"_links":{"self":[{"href":"https:\/\/www.nordi.ee\/en\/wp-json\/wp\/v2\/product\/40084","targetHints":{"allow":["GET"]}}],"collection":[{"href":"https:\/\/www.nordi.ee\/en\/wp-json\/wp\/v2\/product"}],"about":[{"href":"https:\/\/www.nordi.ee\/en\/wp-json\/wp\/v2\/types\/product"}],"replies":[{"embeddable":true,"href":"https:\/\/www.nordi.ee\/en\/wp-json\/wp\/v2\/comments?post=40084"}],"wp:featuredmedia":[{"embeddable":true,"href":"https:\/\/www.nordi.ee\/en\/wp-json\/wp\/v2\/media\/19701"}],"wp:attachment":[{"href":"https:\/\/www.nordi.ee\/en\/wp-json\/wp\/v2\/media?parent=40084"}],"wp:term":[{"taxonomy":"product_brand","embeddable":true,"href":"https:\/\/www.nordi.ee\/en\/wp-json\/wp\/v2\/product_brand?post=40084"},{"taxonomy":"product_cat","embeddable":true,"href":"https:\/\/www.nordi.ee\/en\/wp-json\/wp\/v2\/product_cat?post=40084"},{"taxonomy":"product_tag","embeddable":true,"href":"https:\/\/www.nordi.ee\/en\/wp-json\/wp\/v2\/product_tag?post=40084"}],"curies":[{"name":"wp","href":"https:\/\/api.w.org\/{rel}","templated":true}]}}