{"id":40077,"date":"2025-11-12T11:08:07","date_gmt":"2025-11-12T09:08:07","guid":{"rendered":"https:\/\/www.nordi.ee\/toode\/verso-f-1s-moodul-voodi-valge\/"},"modified":"2026-04-12T05:27:51","modified_gmt":"2026-04-12T02:27:51","slug":"verso-f-1s-moodul-voodi-valge","status":"publish","type":"product","link":"https:\/\/www.nordi.ee\/en\/toode\/verso-f-1s-moodul-voodi-valge\/","title":{"rendered":"VERSO F\/1S moodul, voodi, valge"},"content":{"rendered":"<p>m\u00f5\u00f5tmed: 205\/95\/34 cm; materjal: laminaatplaadist valge v\u00e4rv; * moodul koos raami, ** voodi ilma madratsita, valikuline madrats NEAPOL, m\u00f5\u00f5tmed: 200\/90\/12 cm<\/p>\n","protected":false},"excerpt":{"rendered":"<p>m\u00f5\u00f5tmed: 205\/95\/34 cm; materjal: laminaatplaadist valge v\u00e4rv; * moodul koos raami, ** voodi ilma madratsita, valikuline madrats NEAPOL, m\u00f5\u00f5tmed: 200\/90\/12 cm<\/p>\n","protected":false},"featured_media":19691,"comment_status":"closed","ping_status":"open","template":"","meta":{"_gspb_post_css":""},"product_brand":[],"product_cat":[166,203],"product_tag":[],"class_list":{"0":"post-40077","1":"product","2":"type-product","3":"status-publish","4":"has-post-thumbnail","6":"product_cat-magamistuba","7":"product_cat-voodipeatsid","8":"pa_kanga-tuup-istmel-kangast-ei-ole","9":"pa_korgus-2571","10":"pa_laius-2570","11":"pa_pakkide-arv-466","12":"pa_pesukast-jah","13":"pa_sobiv-madratsi-suurus-90x200cm","14":"pa_stiil-kaasaegne","15":"pa_sugavus-1284","16":"pa_tuba-lastetuba","17":"pa_vahelaos-jah","18":"pa_varv-valge","19":"pa_voodituup-puit","21":"first","22":"instock","23":"sale","24":"purchasable","25":"product-type-simple"},"_links":{"self":[{"href":"https:\/\/www.nordi.ee\/en\/wp-json\/wp\/v2\/product\/40077","targetHints":{"allow":["GET"]}}],"collection":[{"href":"https:\/\/www.nordi.ee\/en\/wp-json\/wp\/v2\/product"}],"about":[{"href":"https:\/\/www.nordi.ee\/en\/wp-json\/wp\/v2\/types\/product"}],"replies":[{"embeddable":true,"href":"https:\/\/www.nordi.ee\/en\/wp-json\/wp\/v2\/comments?post=40077"}],"wp:featuredmedia":[{"embeddable":true,"href":"https:\/\/www.nordi.ee\/en\/wp-json\/wp\/v2\/media\/19691"}],"wp:attachment":[{"href":"https:\/\/www.nordi.ee\/en\/wp-json\/wp\/v2\/media?parent=40077"}],"wp:term":[{"taxonomy":"product_brand","embeddable":true,"href":"https:\/\/www.nordi.ee\/en\/wp-json\/wp\/v2\/product_brand?post=40077"},{"taxonomy":"product_cat","embeddable":true,"href":"https:\/\/www.nordi.ee\/en\/wp-json\/wp\/v2\/product_cat?post=40077"},{"taxonomy":"product_tag","embeddable":true,"href":"https:\/\/www.nordi.ee\/en\/wp-json\/wp\/v2\/product_tag?post=40077"}],"curies":[{"name":"wp","href":"https:\/\/api.w.org\/{rel}","templated":true}]}}