{"id":40075,"date":"2025-11-12T11:08:07","date_gmt":"2025-11-12T09:08:07","guid":{"rendered":"https:\/\/www.nordi.ee\/toode\/verso-f-1s-moodul-voodi-antratsiit\/"},"modified":"2026-04-15T05:17:13","modified_gmt":"2026-04-15T02:17:13","slug":"verso-f-1s-moodul-voodi-antratsiit","status":"publish","type":"product","link":"https:\/\/www.nordi.ee\/en\/toode\/verso-f-1s-moodul-voodi-antratsiit\/","title":{"rendered":"VERSO F\/1S moodul, voodi, antratsiit"},"content":{"rendered":"<p>m\u00f5\u00f5tmed: 205\/95\/34 cm; materjal: laminaat-puitkiudplaat v\u00e4rv antriit; * moodul koos raamiga, ** voodi ilma madratsita, valikuline madrats NEAPOL, m\u00f5\u00f5tmed: 200\/90\/12 cm<\/p>\n","protected":false},"excerpt":{"rendered":"<p>m\u00f5\u00f5tmed: 205\/95\/34 cm; materjal: laminaat-puitkiudplaat v\u00e4rv antriit; * moodul koos raamiga, ** voodi ilma madratsita, valikuline madrats NEAPOL, m\u00f5\u00f5tmed: 200\/90\/12 cm<\/p>\n","protected":false},"featured_media":0,"comment_status":"closed","ping_status":"open","template":"","meta":{"_gspb_post_css":""},"product_brand":[],"product_cat":[166,203],"product_tag":[],"class_list":{"0":"post-40075","1":"product","2":"type-product","3":"status-publish","5":"product_cat-magamistuba","6":"product_cat-voodipeatsid","7":"pa_kanga-tuup-istmel-kangast-ei-ole","8":"pa_korgus-2571","9":"pa_laius-2570","10":"pa_pakkide-arv-466","11":"pa_pesukast-jah","12":"pa_sobiv-madratsi-suurus-90x200cm","13":"pa_stiil-kaasaegne","14":"pa_sugavus-1284","15":"pa_tuba-lastetuba","16":"pa_vahelaos-jah","17":"pa_varv-hall","18":"pa_voodituup-puit","20":"first","21":"instock","22":"sale","23":"purchasable","24":"product-type-simple"},"_links":{"self":[{"href":"https:\/\/www.nordi.ee\/en\/wp-json\/wp\/v2\/product\/40075","targetHints":{"allow":["GET"]}}],"collection":[{"href":"https:\/\/www.nordi.ee\/en\/wp-json\/wp\/v2\/product"}],"about":[{"href":"https:\/\/www.nordi.ee\/en\/wp-json\/wp\/v2\/types\/product"}],"replies":[{"embeddable":true,"href":"https:\/\/www.nordi.ee\/en\/wp-json\/wp\/v2\/comments?post=40075"}],"wp:attachment":[{"href":"https:\/\/www.nordi.ee\/en\/wp-json\/wp\/v2\/media?parent=40075"}],"wp:term":[{"taxonomy":"product_brand","embeddable":true,"href":"https:\/\/www.nordi.ee\/en\/wp-json\/wp\/v2\/product_brand?post=40075"},{"taxonomy":"product_cat","embeddable":true,"href":"https:\/\/www.nordi.ee\/en\/wp-json\/wp\/v2\/product_cat?post=40075"},{"taxonomy":"product_tag","embeddable":true,"href":"https:\/\/www.nordi.ee\/en\/wp-json\/wp\/v2\/product_tag?post=40075"}],"curies":[{"name":"wp","href":"https:\/\/api.w.org\/{rel}","templated":true}]}}