{"id":40074,"date":"2025-11-12T11:08:07","date_gmt":"2025-11-12T09:08:07","guid":{"rendered":"https:\/\/www.nordi.ee\/toode\/verso-baza-voodi-valge\/"},"modified":"2026-04-13T05:27:56","modified_gmt":"2026-04-13T02:27:56","slug":"voodi-baza-valge","status":"publish","type":"product","link":"https:\/\/www.nordi.ee\/en\/toode\/voodi-baza-valge\/","title":{"rendered":"Voodi BAZA, valge"},"content":{"rendered":"<p>m\u00f5\u00f5dud: 213\/95\/77 cm; materjal: laminaatplaadist valge v\u00e4rv; * moodul koos raamiga, ** voodi ilma madratsita, valikuline madrats NEAPOL, m\u00f5\u00f5dud: 200\/90\/12 cm<\/p>\n","protected":false},"excerpt":{"rendered":"<p>m\u00f5\u00f5dud: 213\/95\/77 cm; materjal: laminaatplaadist valge v\u00e4rv; * moodul koos raamiga, ** voodi ilma madratsita, valikuline madrats NEAPOL, m\u00f5\u00f5dud: 200\/90\/12 cm<\/p>\n","protected":false},"featured_media":19686,"comment_status":"closed","ping_status":"closed","template":"","meta":{"_gspb_post_css":""},"product_brand":[],"product_cat":[166,215,179],"product_tag":[],"class_list":{"0":"post-40074","1":"product","2":"type-product","3":"status-publish","4":"has-post-thumbnail","6":"product_cat-magamistuba","7":"product_cat-pehme-moobel","8":"product_cat-voodid","9":"pa_kanga-tuup-istmel-kangast-ei-ole","10":"pa_korgus-505","11":"pa_laius-2567","12":"pa_pakkide-arv-466","13":"pa_pesukast-ei","14":"pa_sobiv-madratsi-suurus-90x206cm","15":"pa_stiil-kaasaegne","16":"pa_sugavus-1284","17":"pa_tuba-lastetuba","18":"pa_vahelaos-jah","19":"pa_varv-valge","20":"pa_voodituup-puit","22":"first","23":"instock","24":"sale","25":"purchasable","26":"product-type-simple"},"_links":{"self":[{"href":"https:\/\/www.nordi.ee\/en\/wp-json\/wp\/v2\/product\/40074","targetHints":{"allow":["GET"]}}],"collection":[{"href":"https:\/\/www.nordi.ee\/en\/wp-json\/wp\/v2\/product"}],"about":[{"href":"https:\/\/www.nordi.ee\/en\/wp-json\/wp\/v2\/types\/product"}],"replies":[{"embeddable":true,"href":"https:\/\/www.nordi.ee\/en\/wp-json\/wp\/v2\/comments?post=40074"}],"wp:featuredmedia":[{"embeddable":true,"href":"https:\/\/www.nordi.ee\/en\/wp-json\/wp\/v2\/media\/19686"}],"wp:attachment":[{"href":"https:\/\/www.nordi.ee\/en\/wp-json\/wp\/v2\/media?parent=40074"}],"wp:term":[{"taxonomy":"product_brand","embeddable":true,"href":"https:\/\/www.nordi.ee\/en\/wp-json\/wp\/v2\/product_brand?post=40074"},{"taxonomy":"product_cat","embeddable":true,"href":"https:\/\/www.nordi.ee\/en\/wp-json\/wp\/v2\/product_cat?post=40074"},{"taxonomy":"product_tag","embeddable":true,"href":"https:\/\/www.nordi.ee\/en\/wp-json\/wp\/v2\/product_tag?post=40074"}],"curies":[{"name":"wp","href":"https:\/\/api.w.org\/{rel}","templated":true}]}}