{"id":40068,"date":"2025-11-12T11:07:58","date_gmt":"2025-11-12T09:07:58","guid":{"rendered":"https:\/\/www.nordi.ee\/toode\/verso-1s-2-moodul-valge-varv\/"},"modified":"2026-04-12T05:27:46","modified_gmt":"2026-04-12T02:27:46","slug":"verso-1s-2-moodul-valge-varv","status":"publish","type":"product","link":"https:\/\/www.nordi.ee\/en\/toode\/verso-1s-2-moodul-valge-varv\/","title":{"rendered":"VERSO 1S\/2 moodul, valge v\u00e4rv"},"content":{"rendered":"<p>m\u00f5\u00f5tmed: 51\/74\/38 cm; materjal: laminaatne saematerjal v\u00e4rv valge<\/p>\n","protected":false},"excerpt":{"rendered":"<p>m\u00f5\u00f5tmed: 51\/74\/38 cm; materjal: laminaatne saematerjal v\u00e4rv valge<\/p>\n","protected":false},"featured_media":19676,"comment_status":"closed","ping_status":"closed","template":"","meta":{"_gspb_post_css":""},"product_brand":[],"product_cat":[166,4074,203],"product_tag":[],"class_list":{"0":"post-40068","1":"product","2":"type-product","3":"status-publish","4":"has-post-thumbnail","6":"product_cat-magamistuba","7":"product_cat-modul","8":"product_cat-voodipeatsid","9":"pa_korgus-630","10":"pa_laius-1379","11":"pa_pakkide-arv-226","12":"pa_pesukast-ei","13":"pa_sobiv-madratsi-suurus-brak-opcji","14":"pa_stiil-kaasaegne","15":"pa_sugavus-1014","16":"pa_tuba-lastetuba","17":"pa_vahelaos-jah","18":"pa_varv-valge","19":"pa_voodituup-puit","21":"first","22":"instock","23":"sale","24":"purchasable","25":"product-type-simple"},"_links":{"self":[{"href":"https:\/\/www.nordi.ee\/en\/wp-json\/wp\/v2\/product\/40068","targetHints":{"allow":["GET"]}}],"collection":[{"href":"https:\/\/www.nordi.ee\/en\/wp-json\/wp\/v2\/product"}],"about":[{"href":"https:\/\/www.nordi.ee\/en\/wp-json\/wp\/v2\/types\/product"}],"replies":[{"embeddable":true,"href":"https:\/\/www.nordi.ee\/en\/wp-json\/wp\/v2\/comments?post=40068"}],"wp:featuredmedia":[{"embeddable":true,"href":"https:\/\/www.nordi.ee\/en\/wp-json\/wp\/v2\/media\/19676"}],"wp:attachment":[{"href":"https:\/\/www.nordi.ee\/en\/wp-json\/wp\/v2\/media?parent=40068"}],"wp:term":[{"taxonomy":"product_brand","embeddable":true,"href":"https:\/\/www.nordi.ee\/en\/wp-json\/wp\/v2\/product_brand?post=40068"},{"taxonomy":"product_cat","embeddable":true,"href":"https:\/\/www.nordi.ee\/en\/wp-json\/wp\/v2\/product_cat?post=40068"},{"taxonomy":"product_tag","embeddable":true,"href":"https:\/\/www.nordi.ee\/en\/wp-json\/wp\/v2\/product_tag?post=40068"}],"curies":[{"name":"wp","href":"https:\/\/api.w.org\/{rel}","templated":true}]}}