{"id":40067,"date":"2025-11-12T11:06:01","date_gmt":"2025-11-12T09:06:01","guid":{"rendered":"https:\/\/www.nordi.ee\/toode\/verso-1s-2-moodul-varv-kasitoone-tamm\/"},"modified":"2026-04-12T05:27:45","modified_gmt":"2026-04-12T02:27:45","slug":"verso-1s-2-moodul-varv-kasitoone-tamm","status":"publish","type":"product","link":"https:\/\/www.nordi.ee\/en\/toode\/verso-1s-2-moodul-varv-kasitoone-tamm\/","title":{"rendered":"VERSO 1S\/2 moodul, v\u00e4rv k\u00e4sit\u00f6\u00f6ne tamm"},"content":{"rendered":"<p>m\u00f5\u00f5tmed: 51\/74\/38 cm; materjal: laminaat kuitplaadi v\u00e4rv meistripuu<\/p>\n","protected":false},"excerpt":{"rendered":"<p>m\u00f5\u00f5tmed: 51\/74\/38 cm; materjal: laminaat kuitplaadi v\u00e4rv meistripuu<\/p>\n","protected":false},"featured_media":0,"comment_status":"closed","ping_status":"closed","template":"","meta":{"_gspb_post_css":""},"product_brand":[],"product_cat":[166,4074,203],"product_tag":[],"class_list":{"0":"post-40067","1":"product","2":"type-product","3":"status-publish","5":"product_cat-magamistuba","6":"product_cat-modul","7":"product_cat-voodipeatsid","8":"pa_korgus-630","9":"pa_laius-1379","10":"pa_pakkide-arv-295","11":"pa_pesukast-ei","12":"pa_sobiv-madratsi-suurus-brak-opcji","13":"pa_stiil-kaasaegne","14":"pa_sugavus-1014","15":"pa_tuba-lastetuba","16":"pa_vahelaos-jah","17":"pa_varv-tamm","18":"pa_voodituup-puit","20":"first","21":"instock","22":"sale","23":"purchasable","24":"product-type-simple"},"_links":{"self":[{"href":"https:\/\/www.nordi.ee\/en\/wp-json\/wp\/v2\/product\/40067","targetHints":{"allow":["GET"]}}],"collection":[{"href":"https:\/\/www.nordi.ee\/en\/wp-json\/wp\/v2\/product"}],"about":[{"href":"https:\/\/www.nordi.ee\/en\/wp-json\/wp\/v2\/types\/product"}],"replies":[{"embeddable":true,"href":"https:\/\/www.nordi.ee\/en\/wp-json\/wp\/v2\/comments?post=40067"}],"wp:attachment":[{"href":"https:\/\/www.nordi.ee\/en\/wp-json\/wp\/v2\/media?parent=40067"}],"wp:term":[{"taxonomy":"product_brand","embeddable":true,"href":"https:\/\/www.nordi.ee\/en\/wp-json\/wp\/v2\/product_brand?post=40067"},{"taxonomy":"product_cat","embeddable":true,"href":"https:\/\/www.nordi.ee\/en\/wp-json\/wp\/v2\/product_cat?post=40067"},{"taxonomy":"product_tag","embeddable":true,"href":"https:\/\/www.nordi.ee\/en\/wp-json\/wp\/v2\/product_tag?post=40067"}],"curies":[{"name":"wp","href":"https:\/\/api.w.org\/{rel}","templated":true}]}}