{"id":40061,"date":"2025-11-12T11:06:01","date_gmt":"2025-11-12T09:06:01","guid":{"rendered":"https:\/\/www.nordi.ee\/toode\/diivanilaud-vilario\/"},"modified":"2026-04-13T05:27:51","modified_gmt":"2026-04-13T02:27:51","slug":"diivanilaud-vilario","status":"publish","type":"product","link":"https:\/\/www.nordi.ee\/en\/toode\/diivanilaud-vilario\/","title":{"rendered":"Kohvilaud VILARIO, must \/ tamm"},"content":{"rendered":"<p>m\u00f5\u00f5tmed: 120\/60\/55 cm, materjal: laud &#8211; liimpuitplaat, ABS-plastik \u00e4\u00e4red, jalad &#8211; pulberv\u00e4rvitud teras, v\u00e4rv: laud &#8211; votan tamm, jalad &#8211; must<\/p>\n","protected":false},"excerpt":{"rendered":"<p>m\u00f5\u00f5tmed: 120\/60\/55 cm, materjal: laud &#8211; liimpuitplaat, ABS-plastik \u00e4\u00e4red, jalad &#8211; pulberv\u00e4rvitud teras, v\u00e4rv: laud &#8211; votan tamm, jalad &#8211; must<\/p>\n","protected":false},"featured_media":19669,"comment_status":"closed","ping_status":"closed","template":"","meta":{"_gspb_post_css":""},"product_brand":[],"product_cat":[178,165],"product_tag":[],"class_list":{"0":"post-40061","1":"product","2":"type-product","3":"status-publish","4":"has-post-thumbnail","6":"product_cat-diivanilauad","7":"product_cat-elutuba","8":"pa_korgus-1078","9":"pa_laius-286","10":"pa_laua-varvus-tamm","11":"pa_laua-viimistlus-matt","12":"pa_lauaplaadi-kuju-ristkulikukujuline","13":"pa_lauaplaadi-materjal-lamineeritud-puitlaastplaat","14":"pa_lisafunktsioonid-alumised-riiulid","15":"pa_materjal-pulberkattega-teras","16":"pa_pakkide-arv-295","17":"pa_raami-materjal-metall","18":"pa_raami-varv-must","19":"pa_stiil-loft","20":"pa_sugavus-316","21":"pa_vahelaos-ei","22":"pa_varv-must","24":"first","25":"instock","26":"sale","27":"purchasable","28":"product-type-simple"},"_links":{"self":[{"href":"https:\/\/www.nordi.ee\/en\/wp-json\/wp\/v2\/product\/40061","targetHints":{"allow":["GET"]}}],"collection":[{"href":"https:\/\/www.nordi.ee\/en\/wp-json\/wp\/v2\/product"}],"about":[{"href":"https:\/\/www.nordi.ee\/en\/wp-json\/wp\/v2\/types\/product"}],"replies":[{"embeddable":true,"href":"https:\/\/www.nordi.ee\/en\/wp-json\/wp\/v2\/comments?post=40061"}],"wp:featuredmedia":[{"embeddable":true,"href":"https:\/\/www.nordi.ee\/en\/wp-json\/wp\/v2\/media\/19669"}],"wp:attachment":[{"href":"https:\/\/www.nordi.ee\/en\/wp-json\/wp\/v2\/media?parent=40061"}],"wp:term":[{"taxonomy":"product_brand","embeddable":true,"href":"https:\/\/www.nordi.ee\/en\/wp-json\/wp\/v2\/product_brand?post=40061"},{"taxonomy":"product_cat","embeddable":true,"href":"https:\/\/www.nordi.ee\/en\/wp-json\/wp\/v2\/product_cat?post=40061"},{"taxonomy":"product_tag","embeddable":true,"href":"https:\/\/www.nordi.ee\/en\/wp-json\/wp\/v2\/product_tag?post=40061"}],"curies":[{"name":"wp","href":"https:\/\/api.w.org\/{rel}","templated":true}]}}