{"id":40054,"date":"2025-11-12T11:06:01","date_gmt":"2025-11-12T09:06:01","guid":{"rendered":"https:\/\/www.nordi.ee\/toode\/pikendatav-soogilaud-vilaria\/"},"modified":"2026-04-13T05:27:50","modified_gmt":"2026-04-13T02:27:50","slug":"pikendatav-soogilaud-vilaria","status":"publish","type":"product","link":"https:\/\/www.nordi.ee\/en\/toode\/pikendatav-soogilaud-vilaria\/","title":{"rendered":"Pikendatav s\u00f6\u00f6gilaud VILARIA"},"content":{"rendered":"<p>m\u00f5\u00f5tmed: 160\u00f7210\/90\/74 cm, pikendatav laud, materjal: pealne &#8211; laminaatplaadist, ABS-plastik servadel, jalad &#8211; pulberv\u00e4rvitud teras, v\u00e4rv: pealne &#8211; votan tammed, jalad &#8211; must<\/p>\n","protected":false},"excerpt":{"rendered":"<p>m\u00f5\u00f5tmed: 160\u00f7210\/90\/74 cm, pikendatav laud, materjal: pealne &#8211; laminaatplaadist, ABS-plastik servadel, jalad &#8211; pulberv\u00e4rvitud teras, v\u00e4rv: pealne &#8211; votan tammed, jalad &#8211; must<\/p>\n","protected":false},"featured_media":19665,"comment_status":"closed","ping_status":"open","template":"","meta":{"_gspb_post_css":""},"product_brand":[],"product_cat":[190,167],"product_tag":[],"class_list":{"0":"post-40054","1":"product","2":"type-product","3":"status-publish","4":"has-post-thumbnail","6":"product_cat-soogilauad","7":"product_cat-soogituba","8":"pa_jalgade-arv-2-4","9":"pa_korgus-677","10":"pa_laius-349","11":"pa_laua-suurus-6-person-8-person","12":"pa_laua-varvus-tamm","13":"pa_laua-viimistlus-matt","14":"pa_lauaplaadi-kuju-ristkulikukujuline","15":"pa_lauaplaadi-materjal-lamineeritud-puitlaastplaat","16":"pa_maximum-pikkus-4215","17":"pa_pakkide-arv-466","18":"pa_pikendatav-jah","19":"pa_raami-materjal-metall","20":"pa_stiil-loft","21":"pa_sugavus-4084","22":"pa_vahelaos-ei","23":"pa_varv-must","24":"pa_varv-tamm","26":"first","27":"instock","28":"sale","29":"purchasable","30":"product-type-simple"},"_links":{"self":[{"href":"https:\/\/www.nordi.ee\/en\/wp-json\/wp\/v2\/product\/40054","targetHints":{"allow":["GET"]}}],"collection":[{"href":"https:\/\/www.nordi.ee\/en\/wp-json\/wp\/v2\/product"}],"about":[{"href":"https:\/\/www.nordi.ee\/en\/wp-json\/wp\/v2\/types\/product"}],"replies":[{"embeddable":true,"href":"https:\/\/www.nordi.ee\/en\/wp-json\/wp\/v2\/comments?post=40054"}],"wp:featuredmedia":[{"embeddable":true,"href":"https:\/\/www.nordi.ee\/en\/wp-json\/wp\/v2\/media\/19665"}],"wp:attachment":[{"href":"https:\/\/www.nordi.ee\/en\/wp-json\/wp\/v2\/media?parent=40054"}],"wp:term":[{"taxonomy":"product_brand","embeddable":true,"href":"https:\/\/www.nordi.ee\/en\/wp-json\/wp\/v2\/product_brand?post=40054"},{"taxonomy":"product_cat","embeddable":true,"href":"https:\/\/www.nordi.ee\/en\/wp-json\/wp\/v2\/product_cat?post=40054"},{"taxonomy":"product_tag","embeddable":true,"href":"https:\/\/www.nordi.ee\/en\/wp-json\/wp\/v2\/product_tag?post=40054"}],"curies":[{"name":"wp","href":"https:\/\/api.w.org\/{rel}","templated":true}]}}