{"id":40027,"date":"2025-11-12T11:06:01","date_gmt":"2025-11-12T09:06:01","guid":{"rendered":"https:\/\/www.nordi.ee\/toode\/pikendatav-soogilaud-vilara\/"},"modified":"2026-04-13T05:27:50","modified_gmt":"2026-04-13T02:27:50","slug":"pikendatav-soogilaud-vilara","status":"publish","type":"product","link":"https:\/\/www.nordi.ee\/en\/toode\/pikendatav-soogilaud-vilara\/","title":{"rendered":"Pikendatav s\u00f6\u00f6gilaud VILARA"},"content":{"rendered":"<p>m\u00f5\u00f5tmed: 135\u00f7185\/85\/74 cm, pikendatav laud, materjal: pind &#8211; laminaatpuitlaastplaat, ABS-plastik servades, jalad &#8211; pulberkattega teras, v\u00e4rv: pind &#8211; votan tamme, jalad &#8211; must<\/p>\n","protected":false},"excerpt":{"rendered":"<p>m\u00f5\u00f5tmed: 135\u00f7185\/85\/74 cm, pikendatav laud, materjal: pind &#8211; laminaatpuitlaastplaat, ABS-plastik servades, jalad &#8211; pulberkattega teras, v\u00e4rv: pind &#8211; votan tamme, jalad &#8211; must<\/p>\n","protected":false},"featured_media":19661,"comment_status":"closed","ping_status":"open","template":"","meta":{"_gspb_post_css":""},"product_brand":[],"product_cat":[190,167],"product_tag":[],"class_list":{"0":"post-40027","1":"product","2":"type-product","3":"status-publish","4":"has-post-thumbnail","6":"product_cat-soogilauad","7":"product_cat-soogituba","8":"pa_jalgade-arv-4-2","9":"pa_korgus-677","10":"pa_laius-785","11":"pa_laua-suurus-6-person-8-person","12":"pa_laua-varvus-tamm","13":"pa_laua-viimistlus-matt","14":"pa_lauaplaadi-kuju-ristkulikukujuline","15":"pa_lauaplaadi-materjal-lamineeritud-puitlaastplaat","16":"pa_maximum-pikkus-4234","17":"pa_pakkide-arv-466","18":"pa_pikendatav-jah","19":"pa_raami-materjal-metall","20":"pa_stiil-loft","21":"pa_sugavus-4126","22":"pa_vahelaos-jah","23":"pa_varv-tamm","24":"pa_varv-must","26":"first","27":"instock","28":"sale","29":"purchasable","30":"product-type-simple"},"_links":{"self":[{"href":"https:\/\/www.nordi.ee\/en\/wp-json\/wp\/v2\/product\/40027","targetHints":{"allow":["GET"]}}],"collection":[{"href":"https:\/\/www.nordi.ee\/en\/wp-json\/wp\/v2\/product"}],"about":[{"href":"https:\/\/www.nordi.ee\/en\/wp-json\/wp\/v2\/types\/product"}],"replies":[{"embeddable":true,"href":"https:\/\/www.nordi.ee\/en\/wp-json\/wp\/v2\/comments?post=40027"}],"wp:featuredmedia":[{"embeddable":true,"href":"https:\/\/www.nordi.ee\/en\/wp-json\/wp\/v2\/media\/19661"}],"wp:attachment":[{"href":"https:\/\/www.nordi.ee\/en\/wp-json\/wp\/v2\/media?parent=40027"}],"wp:term":[{"taxonomy":"product_brand","embeddable":true,"href":"https:\/\/www.nordi.ee\/en\/wp-json\/wp\/v2\/product_brand?post=40027"},{"taxonomy":"product_cat","embeddable":true,"href":"https:\/\/www.nordi.ee\/en\/wp-json\/wp\/v2\/product_cat?post=40027"},{"taxonomy":"product_tag","embeddable":true,"href":"https:\/\/www.nordi.ee\/en\/wp-json\/wp\/v2\/product_tag?post=40027"}],"curies":[{"name":"wp","href":"https:\/\/api.w.org\/{rel}","templated":true}]}}