{"id":40019,"date":"2025-11-12T11:05:07","date_gmt":"2025-11-12T09:05:07","guid":{"rendered":"https:\/\/www.nordi.ee\/toode\/kraanikausi-kapp-venezia-su-must-matt\/"},"modified":"2026-04-13T05:27:48","modified_gmt":"2026-04-13T02:27:48","slug":"kraanikausi-kapp-venezia-su-must-matt","status":"publish","type":"product","link":"https:\/\/www.nordi.ee\/en\/toode\/kraanikausi-kapp-venezia-su-must-matt\/","title":{"rendered":"Valamukapp VENEZIANO, must matt"},"content":{"rendered":"<p>kraanikaal, m\u00f5\u00f5tmed: 45\/48\/95 cm, materjal: foolitud MDF \/ klaas, pehme sulgemise liugurid &#8211; t\u00e4ielikult avatud, vajutades avanev s\u00fcsteem, reguleeritavad kinnitused, v\u00e4rv: must matt<\/p>\n","protected":false},"excerpt":{"rendered":"<p>kraanikaal, m\u00f5\u00f5tmed: 45\/48\/95 cm, materjal: foolitud MDF \/ klaas, pehme sulgemise liugurid &#8211; t\u00e4ielikult avatud, vajutades avanev s\u00fcsteem, reguleeritavad kinnitused, v\u00e4rv: must matt<\/p>\n","protected":false},"featured_media":19653,"comment_status":"closed","ping_status":"closed","template":"","meta":{"_gspb_post_css":""},"product_brand":[],"product_cat":[189],"product_tag":[],"class_list":{"0":"post-40019","1":"product","2":"type-product","3":"status-publish","4":"has-post-thumbnail","6":"product_cat-vannituba","7":"pa_korgus-343","8":"pa_laius-382","9":"pa_materjal-lamineeritud-puitlaastplaat","10":"pa_pakkide-arv-295","11":"pa_stiil-kaasaegne","12":"pa_sugavus-686","13":"pa_vahelaos-jah","14":"pa_varv-must","16":"first","17":"instock","18":"sale","19":"purchasable","20":"product-type-simple"},"_links":{"self":[{"href":"https:\/\/www.nordi.ee\/en\/wp-json\/wp\/v2\/product\/40019","targetHints":{"allow":["GET"]}}],"collection":[{"href":"https:\/\/www.nordi.ee\/en\/wp-json\/wp\/v2\/product"}],"about":[{"href":"https:\/\/www.nordi.ee\/en\/wp-json\/wp\/v2\/types\/product"}],"replies":[{"embeddable":true,"href":"https:\/\/www.nordi.ee\/en\/wp-json\/wp\/v2\/comments?post=40019"}],"wp:featuredmedia":[{"embeddable":true,"href":"https:\/\/www.nordi.ee\/en\/wp-json\/wp\/v2\/media\/19653"}],"wp:attachment":[{"href":"https:\/\/www.nordi.ee\/en\/wp-json\/wp\/v2\/media?parent=40019"}],"wp:term":[{"taxonomy":"product_brand","embeddable":true,"href":"https:\/\/www.nordi.ee\/en\/wp-json\/wp\/v2\/product_brand?post=40019"},{"taxonomy":"product_cat","embeddable":true,"href":"https:\/\/www.nordi.ee\/en\/wp-json\/wp\/v2\/product_cat?post=40019"},{"taxonomy":"product_tag","embeddable":true,"href":"https:\/\/www.nordi.ee\/en\/wp-json\/wp\/v2\/product_tag?post=40019"}],"curies":[{"name":"wp","href":"https:\/\/api.w.org\/{rel}","templated":true}]}}