{"id":40015,"date":"2025-11-12T11:05:07","date_gmt":"2025-11-12T09:05:07","guid":{"rendered":"https:\/\/www.nordi.ee\/toode\/valamu-kapp-venezia-su-kasmiir-matt\/"},"modified":"2026-04-13T05:27:48","modified_gmt":"2026-04-13T02:27:48","slug":"valamu-kapp-venezia-su-kasmiir-matt","status":"publish","type":"product","link":"https:\/\/www.nordi.ee\/en\/toode\/valamu-kapp-venezia-su-kasmiir-matt\/","title":{"rendered":"Valamukapp VENEZIANO, ka\u0161miir"},"content":{"rendered":"<p>kraanikausi kapp, m\u00f5\u00f5tmed: 45\/48\/95 cm, materjal: fooliaga MDF \/ klaas, pehme sulgemise liugurid &#8211; t\u00e4ielikult avatud, push-to-open s\u00fcsteem, reguleeritavad riputid, v\u00e4rv: cashmere matt<\/p>\n","protected":false},"excerpt":{"rendered":"<p>kraanikausi kapp, m\u00f5\u00f5tmed: 45\/48\/95 cm, materjal: fooliaga MDF \/ klaas, pehme sulgemise liugurid &#8211; t\u00e4ielikult avatud, push-to-open s\u00fcsteem, reguleeritavad riputid, v\u00e4rv: cashmere matt<\/p>\n","protected":false},"featured_media":19649,"comment_status":"closed","ping_status":"closed","template":"","meta":{"_gspb_post_css":""},"product_brand":[],"product_cat":[189],"product_tag":[],"class_list":{"0":"post-40015","1":"product","2":"type-product","3":"status-publish","4":"has-post-thumbnail","6":"product_cat-vannituba","7":"pa_korgus-343","8":"pa_laius-382","9":"pa_materjal-lamineeritud-puitlaastplaat","10":"pa_pakkide-arv-295","11":"pa_stiil-kaasaegne","12":"pa_sugavus-686","13":"pa_vahelaos-jah","14":"pa_varv-kasmiir","16":"first","17":"instock","18":"sale","19":"purchasable","20":"product-type-simple"},"_links":{"self":[{"href":"https:\/\/www.nordi.ee\/en\/wp-json\/wp\/v2\/product\/40015","targetHints":{"allow":["GET"]}}],"collection":[{"href":"https:\/\/www.nordi.ee\/en\/wp-json\/wp\/v2\/product"}],"about":[{"href":"https:\/\/www.nordi.ee\/en\/wp-json\/wp\/v2\/types\/product"}],"replies":[{"embeddable":true,"href":"https:\/\/www.nordi.ee\/en\/wp-json\/wp\/v2\/comments?post=40015"}],"wp:featuredmedia":[{"embeddable":true,"href":"https:\/\/www.nordi.ee\/en\/wp-json\/wp\/v2\/media\/19649"}],"wp:attachment":[{"href":"https:\/\/www.nordi.ee\/en\/wp-json\/wp\/v2\/media?parent=40015"}],"wp:term":[{"taxonomy":"product_brand","embeddable":true,"href":"https:\/\/www.nordi.ee\/en\/wp-json\/wp\/v2\/product_brand?post=40015"},{"taxonomy":"product_cat","embeddable":true,"href":"https:\/\/www.nordi.ee\/en\/wp-json\/wp\/v2\/product_cat?post=40015"},{"taxonomy":"product_tag","embeddable":true,"href":"https:\/\/www.nordi.ee\/en\/wp-json\/wp\/v2\/product_tag?post=40015"}],"curies":[{"name":"wp","href":"https:\/\/api.w.org\/{rel}","templated":true}]}}