{"id":40007,"date":"2025-11-12T11:05:07","date_gmt":"2025-11-12T09:05:07","guid":{"rendered":"https:\/\/www.nordi.ee\/toode\/peegelkapid-venezia-slu-must-matt\/"},"modified":"2026-04-13T05:27:46","modified_gmt":"2026-04-13T02:27:46","slug":"peegelkapid-venezia-slu-must-matt","status":"publish","type":"product","link":"https:\/\/www.nordi.ee\/en\/toode\/peegelkapid-venezia-slu-must-matt\/","title":{"rendered":"Peegelkapp VENEZIANO, must matt"},"content":{"rendered":"<p>peegelkap, m\u00f5\u00f5tmed: 48\/19\/95 cm, materjal: fooliumiga MDF \/ klaas, pehmed sulguvad liugurid &#8211; t\u00e4ielikult v\u00e4lja toodud, vajuta avamiseks s\u00fcsteem, reguleeritavad konksud, v\u00e4rv: must matt<\/p>\n","protected":false},"excerpt":{"rendered":"<p>peegelkap, m\u00f5\u00f5tmed: 48\/19\/95 cm, materjal: fooliumiga MDF \/ klaas, pehmed sulguvad liugurid &#8211; t\u00e4ielikult v\u00e4lja toodud, vajuta avamiseks s\u00fcsteem, reguleeritavad konksud, v\u00e4rv: must matt<\/p>\n","protected":false},"featured_media":19641,"comment_status":"closed","ping_status":"closed","template":"","meta":{"_gspb_post_css":""},"product_brand":[],"product_cat":[189],"product_tag":[],"class_list":{"0":"post-40007","1":"product","2":"type-product","3":"status-publish","4":"has-post-thumbnail","6":"product_cat-vannituba","7":"pa_korgus-411","8":"pa_laius-967","9":"pa_materjal-lamineeritud-puitlaastplaat","10":"pa_pakkide-arv-295","11":"pa_stiil-kaasaegne","12":"pa_sugavus-2589","13":"pa_vahelaos-jah","14":"pa_varv-must","16":"first","17":"instock","18":"sale","19":"purchasable","20":"product-type-simple"},"_links":{"self":[{"href":"https:\/\/www.nordi.ee\/en\/wp-json\/wp\/v2\/product\/40007","targetHints":{"allow":["GET"]}}],"collection":[{"href":"https:\/\/www.nordi.ee\/en\/wp-json\/wp\/v2\/product"}],"about":[{"href":"https:\/\/www.nordi.ee\/en\/wp-json\/wp\/v2\/types\/product"}],"replies":[{"embeddable":true,"href":"https:\/\/www.nordi.ee\/en\/wp-json\/wp\/v2\/comments?post=40007"}],"wp:featuredmedia":[{"embeddable":true,"href":"https:\/\/www.nordi.ee\/en\/wp-json\/wp\/v2\/media\/19641"}],"wp:attachment":[{"href":"https:\/\/www.nordi.ee\/en\/wp-json\/wp\/v2\/media?parent=40007"}],"wp:term":[{"taxonomy":"product_brand","embeddable":true,"href":"https:\/\/www.nordi.ee\/en\/wp-json\/wp\/v2\/product_brand?post=40007"},{"taxonomy":"product_cat","embeddable":true,"href":"https:\/\/www.nordi.ee\/en\/wp-json\/wp\/v2\/product_cat?post=40007"},{"taxonomy":"product_tag","embeddable":true,"href":"https:\/\/www.nordi.ee\/en\/wp-json\/wp\/v2\/product_tag?post=40007"}],"curies":[{"name":"wp","href":"https:\/\/api.w.org\/{rel}","templated":true}]}}