{"id":40003,"date":"2025-11-12T11:04:29","date_gmt":"2025-11-12T09:04:29","guid":{"rendered":"https:\/\/www.nordi.ee\/toode\/peegelkapp-venezia-slu-kasmiir\/"},"modified":"2026-04-13T05:27:46","modified_gmt":"2026-04-13T02:27:46","slug":"peegelkapp-venezia-slu-kasmiir","status":"publish","type":"product","link":"https:\/\/www.nordi.ee\/en\/toode\/peegelkapp-venezia-slu-kasmiir\/","title":{"rendered":"Peegelkapp VENEZIANO, ka\u0161miir"},"content":{"rendered":"<p>peegelkapp, m\u00f5\u00f5tmed: 48\/19\/95 cm, materjal: fooliumpaber MDF \/ klaas, pehme sulgemise liugurid &#8211; t\u00e4ielikult v\u00e4lja t\u00f5mmatavad, vajuta avamiseks s\u00fcsteem, reguleeritavad kandurid, v\u00e4rv: fjord matt<\/p>\n","protected":false},"excerpt":{"rendered":"<p>peegelkapp, m\u00f5\u00f5tmed: 48\/19\/95 cm, materjal: fooliumpaber MDF \/ klaas, pehme sulgemise liugurid &#8211; t\u00e4ielikult v\u00e4lja t\u00f5mmatavad, vajuta avamiseks s\u00fcsteem, reguleeritavad kandurid, v\u00e4rv: fjord matt<\/p>\n","protected":false},"featured_media":19637,"comment_status":"closed","ping_status":"closed","template":"","meta":{"_gspb_post_css":""},"product_brand":[],"product_cat":[189],"product_tag":[],"class_list":{"0":"post-40003","1":"product","2":"type-product","3":"status-publish","4":"has-post-thumbnail","6":"product_cat-vannituba","7":"pa_korgus-411","8":"pa_laius-1376","9":"pa_materjal-lamineeritud-puitlaastplaat","10":"pa_pakkide-arv-295","11":"pa_stiil-kaasaegne","12":"pa_sugavus-2589","13":"pa_vahelaos-jah","14":"pa_varv-kasmiir","16":"first","17":"instock","18":"sale","19":"purchasable","20":"product-type-simple"},"_links":{"self":[{"href":"https:\/\/www.nordi.ee\/en\/wp-json\/wp\/v2\/product\/40003","targetHints":{"allow":["GET"]}}],"collection":[{"href":"https:\/\/www.nordi.ee\/en\/wp-json\/wp\/v2\/product"}],"about":[{"href":"https:\/\/www.nordi.ee\/en\/wp-json\/wp\/v2\/types\/product"}],"replies":[{"embeddable":true,"href":"https:\/\/www.nordi.ee\/en\/wp-json\/wp\/v2\/comments?post=40003"}],"wp:featuredmedia":[{"embeddable":true,"href":"https:\/\/www.nordi.ee\/en\/wp-json\/wp\/v2\/media\/19637"}],"wp:attachment":[{"href":"https:\/\/www.nordi.ee\/en\/wp-json\/wp\/v2\/media?parent=40003"}],"wp:term":[{"taxonomy":"product_brand","embeddable":true,"href":"https:\/\/www.nordi.ee\/en\/wp-json\/wp\/v2\/product_brand?post=40003"},{"taxonomy":"product_cat","embeddable":true,"href":"https:\/\/www.nordi.ee\/en\/wp-json\/wp\/v2\/product_cat?post=40003"},{"taxonomy":"product_tag","embeddable":true,"href":"https:\/\/www.nordi.ee\/en\/wp-json\/wp\/v2\/product_tag?post=40003"}],"curies":[{"name":"wp","href":"https:\/\/api.w.org\/{rel}","templated":true}]}}