{"id":40000,"date":"2025-11-12T11:04:29","date_gmt":"2025-11-12T09:04:29","guid":{"rendered":"https:\/\/www.nordi.ee\/toode\/seinakapp-venezia-sl-fjord-matt\/"},"modified":"2026-04-13T05:27:45","modified_gmt":"2026-04-13T02:27:45","slug":"seinakapp-venezia-sl-fjord-matt","status":"publish","type":"product","link":"https:\/\/www.nordi.ee\/en\/toode\/seinakapp-venezia-sl-fjord-matt\/","title":{"rendered":"Seinakapp VENEZIANO SL, fjord matt"},"content":{"rendered":"<p>seinakapp, m\u00f5\u00f5tmed: 43\/25\/132 cm, materjal: fooliumiga MDF, pehmed sulguvad liugurid &#8211; t\u00e4ielikult lahti, vajuta avamiseks s\u00fcsteem, reguleeritavad riputid, v\u00e4rv: fjordi mati l\u00f5puga<\/p>\n","protected":false},"excerpt":{"rendered":"<p>seinakapp, m\u00f5\u00f5tmed: 43\/25\/132 cm, materjal: fooliumiga MDF, pehmed sulguvad liugurid &#8211; t\u00e4ielikult lahti, vajuta avamiseks s\u00fcsteem, reguleeritavad riputid, v\u00e4rv: fjordi mati l\u00f5puga<\/p>\n","protected":false},"featured_media":19633,"comment_status":"closed","ping_status":"closed","template":"","meta":{"_gspb_post_css":""},"product_brand":[],"product_cat":[165,205],"product_tag":[],"class_list":{"0":"post-40000","1":"product","2":"type-product","3":"status-publish","4":"has-post-thumbnail","6":"product_cat-elutuba","7":"product_cat-kapid","8":"pa_korgus-2558","9":"pa_laius-1376","10":"pa_materjal-lamineeritud-puitlaastplaat","11":"pa_pakkide-arv-295","12":"pa_stiil-kaasaegne","13":"pa_sugavus-280","14":"pa_vahelaos-jah","15":"pa_varv-fiord","17":"first","18":"instock","19":"sale","20":"purchasable","21":"product-type-simple"},"_links":{"self":[{"href":"https:\/\/www.nordi.ee\/en\/wp-json\/wp\/v2\/product\/40000","targetHints":{"allow":["GET"]}}],"collection":[{"href":"https:\/\/www.nordi.ee\/en\/wp-json\/wp\/v2\/product"}],"about":[{"href":"https:\/\/www.nordi.ee\/en\/wp-json\/wp\/v2\/types\/product"}],"replies":[{"embeddable":true,"href":"https:\/\/www.nordi.ee\/en\/wp-json\/wp\/v2\/comments?post=40000"}],"wp:featuredmedia":[{"embeddable":true,"href":"https:\/\/www.nordi.ee\/en\/wp-json\/wp\/v2\/media\/19633"}],"wp:attachment":[{"href":"https:\/\/www.nordi.ee\/en\/wp-json\/wp\/v2\/media?parent=40000"}],"wp:term":[{"taxonomy":"product_brand","embeddable":true,"href":"https:\/\/www.nordi.ee\/en\/wp-json\/wp\/v2\/product_brand?post=40000"},{"taxonomy":"product_cat","embeddable":true,"href":"https:\/\/www.nordi.ee\/en\/wp-json\/wp\/v2\/product_cat?post=40000"},{"taxonomy":"product_tag","embeddable":true,"href":"https:\/\/www.nordi.ee\/en\/wp-json\/wp\/v2\/product_tag?post=40000"}],"curies":[{"name":"wp","href":"https:\/\/api.w.org\/{rel}","templated":true}]}}