{"id":39992,"date":"2025-11-12T11:04:00","date_gmt":"2025-11-12T09:04:00","guid":{"rendered":"https:\/\/www.nordi.ee\/toode\/tymon-2-tostetav-kohvilaud-varv-kastanivarvi\/"},"modified":"2026-04-13T05:27:43","modified_gmt":"2026-04-13T02:27:43","slug":"tymon-2-tostetav-kohvilaud-varv-kastanivarvi","status":"publish","type":"product","link":"https:\/\/www.nordi.ee\/en\/toode\/tymon-2-tostetav-kohvilaud-varv-kastanivarvi\/","title":{"rendered":"Kohvilaud TYMON 2, tumepruun"},"content":{"rendered":"<p>m\u00f5\u00f5tmed: 125\u00f7164\/65\/60\u00f772 cm, materjal: lauaplaat &#8211; laminaat MDF, jalad &#8211; p\u00f6\u00f6gipuu, v\u00e4rv: kastan<\/p>\n","protected":false},"excerpt":{"rendered":"<p>m\u00f5\u00f5tmed: 125\u00f7164\/65\/60\u00f772 cm, materjal: lauaplaat &#8211; laminaat MDF, jalad &#8211; p\u00f6\u00f6gipuu, v\u00e4rv: kastan<\/p>\n","protected":false},"featured_media":19619,"comment_status":"closed","ping_status":"closed","template":"","meta":{"_gspb_post_css":""},"product_brand":[],"product_cat":[178,165],"product_tag":[],"class_list":{"0":"post-39992","1":"product","2":"type-product","3":"status-publish","4":"has-post-thumbnail","6":"product_cat-diivanilauad","7":"product_cat-elutuba","8":"pa_korgus-1121","9":"pa_laius-2088","10":"pa_laua-varvus-kastan","11":"pa_laua-viimistlus-matt","12":"pa_lauaplaadi-kuju-ristkulikukujuline","13":"pa_lauaplaadi-materjal-lamiiniga-kaetud-mdf","14":"pa_lisafunktsioonid-kokkupandavad-plaadid","15":"pa_materjal-taispuit","16":"pa_pakkide-arv-226","17":"pa_raami-materjal-puit","18":"pa_raami-varv-kastan","19":"pa_stiil-klassikaline","20":"pa_stiil-traditsiooniline","21":"pa_sugavus-563","22":"pa_vahelaos-ei","23":"pa_varv-kastan","25":"first","26":"instock","27":"sale","28":"purchasable","29":"product-type-simple"},"_links":{"self":[{"href":"https:\/\/www.nordi.ee\/en\/wp-json\/wp\/v2\/product\/39992","targetHints":{"allow":["GET"]}}],"collection":[{"href":"https:\/\/www.nordi.ee\/en\/wp-json\/wp\/v2\/product"}],"about":[{"href":"https:\/\/www.nordi.ee\/en\/wp-json\/wp\/v2\/types\/product"}],"replies":[{"embeddable":true,"href":"https:\/\/www.nordi.ee\/en\/wp-json\/wp\/v2\/comments?post=39992"}],"wp:featuredmedia":[{"embeddable":true,"href":"https:\/\/www.nordi.ee\/en\/wp-json\/wp\/v2\/media\/19619"}],"wp:attachment":[{"href":"https:\/\/www.nordi.ee\/en\/wp-json\/wp\/v2\/media?parent=39992"}],"wp:term":[{"taxonomy":"product_brand","embeddable":true,"href":"https:\/\/www.nordi.ee\/en\/wp-json\/wp\/v2\/product_brand?post=39992"},{"taxonomy":"product_cat","embeddable":true,"href":"https:\/\/www.nordi.ee\/en\/wp-json\/wp\/v2\/product_cat?post=39992"},{"taxonomy":"product_tag","embeddable":true,"href":"https:\/\/www.nordi.ee\/en\/wp-json\/wp\/v2\/product_tag?post=39992"}],"curies":[{"name":"wp","href":"https:\/\/api.w.org\/{rel}","templated":true}]}}