{"id":39986,"date":"2025-11-12T11:04:00","date_gmt":"2025-11-12T09:04:00","guid":{"rendered":"https:\/\/www.nordi.ee\/toode\/valamu-kapp-toreto-su-80-cashmere-mati\/"},"modified":"2026-04-13T05:27:42","modified_gmt":"2026-04-13T02:27:42","slug":"valamu-kapp-toreto-su-80-cashmere-mati","status":"publish","type":"product","link":"https:\/\/www.nordi.ee\/en\/toode\/valamu-kapp-toreto-su-80-cashmere-mati\/","title":{"rendered":"Valamukapp, TORETINO 80, ka\u0161miir"},"content":{"rendered":"<p>kraanikausi kapp, m\u00f5\u00f5tmed: 80\/45\/46 cm, materjal: korpus &#8211; laminaatplaat, esik\u00fclg &#8211; laminaat MDF, pehmed sulgemisriivid ja liugurid, v\u00e4rv: kasmiir matt<\/p>\n","protected":false},"excerpt":{"rendered":"<p>kraanikausi kapp, m\u00f5\u00f5tmed: 80\/45\/46 cm, materjal: korpus &#8211; laminaatplaat, esik\u00fclg &#8211; laminaat MDF, pehmed sulgemisriivid ja liugurid, v\u00e4rv: kasmiir matt<\/p>\n","protected":false},"featured_media":19609,"comment_status":"closed","ping_status":"closed","template":"","meta":{"_gspb_post_css":""},"product_brand":[],"product_cat":[189],"product_tag":[],"class_list":{"0":"post-39986","1":"product","2":"type-product","3":"status-publish","4":"has-post-thumbnail","6":"product_cat-vannituba","7":"pa_korgus-350","8":"pa_laius-353","9":"pa_materjal-lamineeritud-puitlaastplaat","10":"pa_pakkide-arv-226","11":"pa_stiil-glamuur","12":"pa_stiil-klassikaline","13":"pa_sugavus-1392","14":"pa_vahelaos-jah","15":"pa_varv-kasmiir","17":"first","18":"instock","19":"sale","20":"purchasable","21":"product-type-simple"},"_links":{"self":[{"href":"https:\/\/www.nordi.ee\/en\/wp-json\/wp\/v2\/product\/39986","targetHints":{"allow":["GET"]}}],"collection":[{"href":"https:\/\/www.nordi.ee\/en\/wp-json\/wp\/v2\/product"}],"about":[{"href":"https:\/\/www.nordi.ee\/en\/wp-json\/wp\/v2\/types\/product"}],"replies":[{"embeddable":true,"href":"https:\/\/www.nordi.ee\/en\/wp-json\/wp\/v2\/comments?post=39986"}],"wp:featuredmedia":[{"embeddable":true,"href":"https:\/\/www.nordi.ee\/en\/wp-json\/wp\/v2\/media\/19609"}],"wp:attachment":[{"href":"https:\/\/www.nordi.ee\/en\/wp-json\/wp\/v2\/media?parent=39986"}],"wp:term":[{"taxonomy":"product_brand","embeddable":true,"href":"https:\/\/www.nordi.ee\/en\/wp-json\/wp\/v2\/product_brand?post=39986"},{"taxonomy":"product_cat","embeddable":true,"href":"https:\/\/www.nordi.ee\/en\/wp-json\/wp\/v2\/product_cat?post=39986"},{"taxonomy":"product_tag","embeddable":true,"href":"https:\/\/www.nordi.ee\/en\/wp-json\/wp\/v2\/product_tag?post=39986"}],"curies":[{"name":"wp","href":"https:\/\/api.w.org\/{rel}","templated":true}]}}