{"id":39978,"date":"2025-11-12T11:03:09","date_gmt":"2025-11-12T09:03:09","guid":{"rendered":"https:\/\/www.nordi.ee\/toode\/valamu-kapp-toreto-su-60-cashmere-matt\/"},"modified":"2026-04-13T05:27:41","modified_gmt":"2026-04-13T02:27:41","slug":"valamu-kapp-toreto-su-60-cashmere-matt","status":"publish","type":"product","link":"https:\/\/www.nordi.ee\/en\/toode\/valamu-kapp-toreto-su-60-cashmere-matt\/","title":{"rendered":"Valamukapp TORETINO 60, ka\u0161miir"},"content":{"rendered":"<p>kraanikausi kapp, m\u00f5\u00f5tmed: 60\/45\/46 cm, materjal: korpus &#8211; laminaatmaterjal, esipaneel &#8211; laminaat MDF, pehme sulgemise konksud ja liugurid, v\u00e4rv: ka\u0161miir matt<\/p>\n","protected":false},"excerpt":{"rendered":"<p>kraanikausi kapp, m\u00f5\u00f5tmed: 60\/45\/46 cm, materjal: korpus &#8211; laminaatmaterjal, esipaneel &#8211; laminaat MDF, pehme sulgemise konksud ja liugurid, v\u00e4rv: ka\u0161miir matt<\/p>\n","protected":false},"featured_media":19601,"comment_status":"closed","ping_status":"closed","template":"","meta":{"_gspb_post_css":""},"product_brand":[],"product_cat":[189],"product_tag":[],"class_list":{"0":"post-39978","1":"product","2":"type-product","3":"status-publish","4":"has-post-thumbnail","6":"product_cat-vannituba","7":"pa_korgus-350","8":"pa_laius-310","9":"pa_materjal-lamineeritud-puitlaastplaat","10":"pa_pakkide-arv-226","11":"pa_stiil-glamuurne","12":"pa_stiil-klassikaline","13":"pa_sugavus-1392","14":"pa_vahelaos-jah","15":"pa_varv-kasmiir","17":"first","18":"instock","19":"sale","20":"purchasable","21":"product-type-simple"},"_links":{"self":[{"href":"https:\/\/www.nordi.ee\/en\/wp-json\/wp\/v2\/product\/39978","targetHints":{"allow":["GET"]}}],"collection":[{"href":"https:\/\/www.nordi.ee\/en\/wp-json\/wp\/v2\/product"}],"about":[{"href":"https:\/\/www.nordi.ee\/en\/wp-json\/wp\/v2\/types\/product"}],"replies":[{"embeddable":true,"href":"https:\/\/www.nordi.ee\/en\/wp-json\/wp\/v2\/comments?post=39978"}],"wp:featuredmedia":[{"embeddable":true,"href":"https:\/\/www.nordi.ee\/en\/wp-json\/wp\/v2\/media\/19601"}],"wp:attachment":[{"href":"https:\/\/www.nordi.ee\/en\/wp-json\/wp\/v2\/media?parent=39978"}],"wp:term":[{"taxonomy":"product_brand","embeddable":true,"href":"https:\/\/www.nordi.ee\/en\/wp-json\/wp\/v2\/product_brand?post=39978"},{"taxonomy":"product_cat","embeddable":true,"href":"https:\/\/www.nordi.ee\/en\/wp-json\/wp\/v2\/product_cat?post=39978"},{"taxonomy":"product_tag","embeddable":true,"href":"https:\/\/www.nordi.ee\/en\/wp-json\/wp\/v2\/product_tag?post=39978"}],"curies":[{"name":"wp","href":"https:\/\/api.w.org\/{rel}","templated":true}]}}