{"id":39952,"date":"2025-11-12T11:01:41","date_gmt":"2025-11-12T09:01:41","guid":{"rendered":"https:\/\/www.nordi.ee\/toode\/seinakapp-toreto-sl-valge-matt\/"},"modified":"2026-04-13T05:27:37","modified_gmt":"2026-04-13T02:27:37","slug":"seinakapp-toreto-sl-valge-matt","status":"publish","type":"product","link":"https:\/\/www.nordi.ee\/en\/toode\/seinakapp-toreto-sl-valge-matt\/","title":{"rendered":"Seinakapp, TORETINO SL, valge matt"},"content":{"rendered":"<p>seinakapp, m\u00f5\u00f5dud: 30\/30\/135 cm, materjal: korpus &#8211; laminaatkiudplaat, esik\u00fclg &#8211; laminaat MDF, pehmelt sulguvad hinged ja liugurid, v\u00e4rv: valge mati fini\u0161iga<\/p>\n","protected":false},"excerpt":{"rendered":"<p>seinakapp, m\u00f5\u00f5dud: 30\/30\/135 cm, materjal: korpus &#8211; laminaatkiudplaat, esik\u00fclg &#8211; laminaat MDF, pehmelt sulguvad hinged ja liugurid, v\u00e4rv: valge mati fini\u0161iga<\/p>\n","protected":false},"featured_media":19573,"comment_status":"closed","ping_status":"closed","template":"","meta":{"_gspb_post_css":""},"product_brand":[],"product_cat":[165,205],"product_tag":[],"class_list":{"0":"post-39952","1":"product","2":"type-product","3":"status-publish","4":"has-post-thumbnail","6":"product_cat-elutuba","7":"product_cat-kapid","8":"pa_korgus-2331","9":"pa_laius-1412","10":"pa_materjal-lamineeritud-puitlaastplaat","11":"pa_pakkide-arv-226","12":"pa_stiil-glamuur","13":"pa_stiil-klassikaline","14":"pa_sugavus-832","15":"pa_vahelaos-jah","16":"pa_varv-valge","18":"first","19":"instock","20":"sale","21":"purchasable","22":"product-type-simple"},"_links":{"self":[{"href":"https:\/\/www.nordi.ee\/en\/wp-json\/wp\/v2\/product\/39952","targetHints":{"allow":["GET"]}}],"collection":[{"href":"https:\/\/www.nordi.ee\/en\/wp-json\/wp\/v2\/product"}],"about":[{"href":"https:\/\/www.nordi.ee\/en\/wp-json\/wp\/v2\/types\/product"}],"replies":[{"embeddable":true,"href":"https:\/\/www.nordi.ee\/en\/wp-json\/wp\/v2\/comments?post=39952"}],"wp:featuredmedia":[{"embeddable":true,"href":"https:\/\/www.nordi.ee\/en\/wp-json\/wp\/v2\/media\/19573"}],"wp:attachment":[{"href":"https:\/\/www.nordi.ee\/en\/wp-json\/wp\/v2\/media?parent=39952"}],"wp:term":[{"taxonomy":"product_brand","embeddable":true,"href":"https:\/\/www.nordi.ee\/en\/wp-json\/wp\/v2\/product_brand?post=39952"},{"taxonomy":"product_cat","embeddable":true,"href":"https:\/\/www.nordi.ee\/en\/wp-json\/wp\/v2\/product_cat?post=39952"},{"taxonomy":"product_tag","embeddable":true,"href":"https:\/\/www.nordi.ee\/en\/wp-json\/wp\/v2\/product_tag?post=39952"}],"curies":[{"name":"wp","href":"https:\/\/api.w.org\/{rel}","templated":true}]}}