{"id":39938,"date":"2025-11-12T11:01:41","date_gmt":"2025-11-12T09:01:41","guid":{"rendered":"https:\/\/www.nordi.ee\/toode\/pikendatav-soogilaud-veraenza\/"},"modified":"2026-04-13T05:27:34","modified_gmt":"2026-04-13T02:27:34","slug":"pikendatav-soogilaud-veraenza","status":"publish","type":"product","link":"https:\/\/www.nordi.ee\/en\/toode\/pikendatav-soogilaud-veraenza\/","title":{"rendered":"Pikendatav s\u00f6\u00f6gilaud VERAENZA"},"content":{"rendered":"<p>laiendatav laud, m\u00f5\u00f5dud: 140-220\/80\/76 cm, materjal: pealmine pind &#8211; laminaatkihtpuit, jalad &#8211; massiivne p\u00f6\u00f6k, v\u00e4rv: pealmine pind &#8211; k\u00e4sit\u00f6\u00f6 tamm, jalad &#8211; must<\/p>\n","protected":false},"excerpt":{"rendered":"<p>laiendatav laud, m\u00f5\u00f5dud: 140-220\/80\/76 cm, materjal: pealmine pind &#8211; laminaatkihtpuit, jalad &#8211; massiivne p\u00f6\u00f6k, v\u00e4rv: pealmine pind &#8211; k\u00e4sit\u00f6\u00f6 tamm, jalad &#8211; must<\/p>\n","protected":false},"featured_media":19565,"comment_status":"closed","ping_status":"open","template":"","meta":{"_gspb_post_css":""},"product_brand":[],"product_cat":[190,167],"product_tag":[],"class_list":{"0":"post-39938","1":"product","2":"type-product","3":"status-publish","4":"has-post-thumbnail","6":"product_cat-soogilauad","7":"product_cat-soogituba","8":"pa_jalgade-arv-289","9":"pa_korgus-406","10":"pa_laius-353","11":"pa_laua-suurus-6-person","12":"pa_laua-varvus-tamm","13":"pa_laua-viimistlus-matt","14":"pa_lauaplaadi-kuju-ristkulikukujuline","15":"pa_lauaplaadi-materjal-lamineeritud-puitlaastplaat","16":"pa_maximum-pikkus-4212","17":"pa_pakkide-arv-466","18":"pa_pikendatav-jah","19":"pa_raami-materjal-puit","20":"pa_stiil-loft","21":"pa_stiil-traditsiooniline","22":"pa_sugavus-4088","23":"pa_vahelaos-jah","24":"pa_varv-must","25":"pa_varv-tamm","27":"first","28":"instock","29":"sale","30":"purchasable","31":"product-type-simple"},"_links":{"self":[{"href":"https:\/\/www.nordi.ee\/en\/wp-json\/wp\/v2\/product\/39938","targetHints":{"allow":["GET"]}}],"collection":[{"href":"https:\/\/www.nordi.ee\/en\/wp-json\/wp\/v2\/product"}],"about":[{"href":"https:\/\/www.nordi.ee\/en\/wp-json\/wp\/v2\/types\/product"}],"replies":[{"embeddable":true,"href":"https:\/\/www.nordi.ee\/en\/wp-json\/wp\/v2\/comments?post=39938"}],"wp:featuredmedia":[{"embeddable":true,"href":"https:\/\/www.nordi.ee\/en\/wp-json\/wp\/v2\/media\/19565"}],"wp:attachment":[{"href":"https:\/\/www.nordi.ee\/en\/wp-json\/wp\/v2\/media?parent=39938"}],"wp:term":[{"taxonomy":"product_brand","embeddable":true,"href":"https:\/\/www.nordi.ee\/en\/wp-json\/wp\/v2\/product_brand?post=39938"},{"taxonomy":"product_cat","embeddable":true,"href":"https:\/\/www.nordi.ee\/en\/wp-json\/wp\/v2\/product_cat?post=39938"},{"taxonomy":"product_tag","embeddable":true,"href":"https:\/\/www.nordi.ee\/en\/wp-json\/wp\/v2\/product_tag?post=39938"}],"curies":[{"name":"wp","href":"https:\/\/api.w.org\/{rel}","templated":true}]}}