{"id":39925,"date":"2025-11-12T10:59:39","date_gmt":"2025-11-12T08:59:39","guid":{"rendered":"https:\/\/www.nordi.ee\/toode\/pikendatav-soogilaud-veraella\/"},"modified":"2026-04-13T05:27:34","modified_gmt":"2026-04-13T02:27:34","slug":"pikendatav-soogilaud-veraella","status":"publish","type":"product","link":"https:\/\/www.nordi.ee\/en\/toode\/pikendatav-soogilaud-veraella\/","title":{"rendered":"Pikendatav s\u00f6\u00f6gilaud VERAELLA"},"content":{"rendered":"<p>pikendustabel, m\u00f5\u00f5tmed: 90-125\/90\/75 cm, materjal: laminaatkiudplaat \/ laminaat-MDF, v\u00e4rv: pind &#8211; k\u00e4sit\u00f6\u00f6 tamm, jalad &#8211; must<\/p>\n","protected":false},"excerpt":{"rendered":"<p>pikendustabel, m\u00f5\u00f5tmed: 90-125\/90\/75 cm, materjal: laminaatkiudplaat \/ laminaat-MDF, v\u00e4rv: pind &#8211; k\u00e4sit\u00f6\u00f6 tamm, jalad &#8211; must<\/p>\n","protected":false},"featured_media":19561,"comment_status":"closed","ping_status":"open","template":"","meta":{"_gspb_post_css":""},"product_brand":[],"product_cat":[190,167],"product_tag":[],"class_list":{"0":"post-39925","1":"product","2":"type-product","3":"status-publish","4":"has-post-thumbnail","6":"product_cat-soogilauad","7":"product_cat-soogituba","8":"pa_jalgade-arv-289","9":"pa_korgus-287","10":"pa_laius-349","11":"pa_laua-suurus-6-person-4-person","12":"pa_laua-viimistlus-matt","13":"pa_lauaplaadi-kuju-ristkulik","14":"pa_lauaplaadi-kuju-ruut","15":"pa_lauaplaadi-materjal-lamineeritud-puitlaastplaat","16":"pa_maximum-pikkus-4233","17":"pa_pakkide-arv-295","18":"pa_pikendatav-jah","19":"pa_raami-materjal-mdf","20":"pa_stiil-traditsiooniline","21":"pa_sugavus-351","22":"pa_vahelaos-ei","23":"pa_varv-tamm","25":"first","26":"instock","27":"sale","28":"purchasable","29":"product-type-simple"},"_links":{"self":[{"href":"https:\/\/www.nordi.ee\/en\/wp-json\/wp\/v2\/product\/39925","targetHints":{"allow":["GET"]}}],"collection":[{"href":"https:\/\/www.nordi.ee\/en\/wp-json\/wp\/v2\/product"}],"about":[{"href":"https:\/\/www.nordi.ee\/en\/wp-json\/wp\/v2\/types\/product"}],"replies":[{"embeddable":true,"href":"https:\/\/www.nordi.ee\/en\/wp-json\/wp\/v2\/comments?post=39925"}],"wp:featuredmedia":[{"embeddable":true,"href":"https:\/\/www.nordi.ee\/en\/wp-json\/wp\/v2\/media\/19561"}],"wp:attachment":[{"href":"https:\/\/www.nordi.ee\/en\/wp-json\/wp\/v2\/media?parent=39925"}],"wp:term":[{"taxonomy":"product_brand","embeddable":true,"href":"https:\/\/www.nordi.ee\/en\/wp-json\/wp\/v2\/product_brand?post=39925"},{"taxonomy":"product_cat","embeddable":true,"href":"https:\/\/www.nordi.ee\/en\/wp-json\/wp\/v2\/product_cat?post=39925"},{"taxonomy":"product_tag","embeddable":true,"href":"https:\/\/www.nordi.ee\/en\/wp-json\/wp\/v2\/product_tag?post=39925"}],"curies":[{"name":"wp","href":"https:\/\/api.w.org\/{rel}","templated":true}]}}