{"id":39900,"date":"2025-11-12T10:59:39","date_gmt":"2025-11-12T08:59:39","guid":{"rendered":"https:\/\/www.nordi.ee\/toode\/pikendatav-soogilaud-veraavia\/"},"modified":"2026-04-13T05:27:32","modified_gmt":"2026-04-13T02:27:32","slug":"pikendatav-soogilaud-veraavia","status":"publish","type":"product","link":"https:\/\/www.nordi.ee\/en\/toode\/pikendatav-soogilaud-veraavia\/","title":{"rendered":"Pikendatav s\u00f6\u00f6gilaud VERAAVIA"},"content":{"rendered":"<p>laiendatav laud, m\u00f5\u00f5tmed: 140-220\/80\/77 cm, materjal: pind &#8211; laminaat MDF, \u00e4\u00e4rised &#8211; ABS, jalad &#8211; laminaat MDF, v\u00e4rv: pind &#8211; meisterdatud tamm, jalad &#8211; meisterdatud tamm<\/p>\n","protected":false},"excerpt":{"rendered":"<p>laiendatav laud, m\u00f5\u00f5tmed: 140-220\/80\/77 cm, materjal: pind &#8211; laminaat MDF, \u00e4\u00e4rised &#8211; ABS, jalad &#8211; laminaat MDF, v\u00e4rv: pind &#8211; meisterdatud tamm, jalad &#8211; meisterdatud tamm<\/p>\n","protected":false},"featured_media":19553,"comment_status":"closed","ping_status":"open","template":"","meta":{"_gspb_post_css":""},"product_brand":[],"product_cat":[190,167],"product_tag":[],"class_list":{"0":"post-39900","1":"product","2":"type-product","3":"status-publish","4":"has-post-thumbnail","6":"product_cat-soogilauad","7":"product_cat-soogituba","8":"pa_jalgade-arv-289","9":"pa_korgus-505","10":"pa_laius-353","11":"pa_laua-suurus-10-person-6-person","12":"pa_laua-viimistlus-matt","13":"pa_lauaplaadi-kuju-ristkulikukujuline","14":"pa_lauaplaadi-materjal-lamineeritud-puitlaastplaat","15":"pa_maximum-pikkus-4212","16":"pa_pakkide-arv-466","17":"pa_pikendatav-jah","18":"pa_raami-materjal-puit","19":"pa_raami-materjal-mdf","20":"pa_stiil-traditsiooniline","21":"pa_sugavus-4088","22":"pa_vahelaos-jah","23":"pa_varv-tamm","25":"first","26":"instock","27":"sale","28":"purchasable","29":"product-type-simple"},"_links":{"self":[{"href":"https:\/\/www.nordi.ee\/en\/wp-json\/wp\/v2\/product\/39900","targetHints":{"allow":["GET"]}}],"collection":[{"href":"https:\/\/www.nordi.ee\/en\/wp-json\/wp\/v2\/product"}],"about":[{"href":"https:\/\/www.nordi.ee\/en\/wp-json\/wp\/v2\/types\/product"}],"replies":[{"embeddable":true,"href":"https:\/\/www.nordi.ee\/en\/wp-json\/wp\/v2\/comments?post=39900"}],"wp:featuredmedia":[{"embeddable":true,"href":"https:\/\/www.nordi.ee\/en\/wp-json\/wp\/v2\/media\/19553"}],"wp:attachment":[{"href":"https:\/\/www.nordi.ee\/en\/wp-json\/wp\/v2\/media?parent=39900"}],"wp:term":[{"taxonomy":"product_brand","embeddable":true,"href":"https:\/\/www.nordi.ee\/en\/wp-json\/wp\/v2\/product_brand?post=39900"},{"taxonomy":"product_cat","embeddable":true,"href":"https:\/\/www.nordi.ee\/en\/wp-json\/wp\/v2\/product_cat?post=39900"},{"taxonomy":"product_tag","embeddable":true,"href":"https:\/\/www.nordi.ee\/en\/wp-json\/wp\/v2\/product_tag?post=39900"}],"curies":[{"name":"wp","href":"https:\/\/api.w.org\/{rel}","templated":true}]}}