{"id":39899,"date":"2025-11-12T10:59:39","date_gmt":"2025-11-12T08:59:39","guid":{"rendered":"https:\/\/www.nordi.ee\/toode\/tiago-2-pikendustabel-valge-valge\/"},"modified":"2026-04-13T05:27:32","modified_gmt":"2026-04-13T02:27:32","slug":"pikendatav-soogilaud-trivago2-valge","status":"publish","type":"product","link":"https:\/\/www.nordi.ee\/en\/toode\/pikendatav-soogilaud-trivago2-valge\/","title":{"rendered":"Pikendatav s\u00f6\u00f6gilaud TRIVAGO 2, valge"},"content":{"rendered":"<p>laiendatav laud, m\u00f5\u00f5tmed: 140-220\/80\/77 cm, materjal: pind &#8211; laminaat MDF, ABS \u00e4\u00e4red, jalad &#8211; laminaat MDF, v\u00e4rv: pind &#8211; valge, jalad &#8211; valge<\/p>\n","protected":false},"excerpt":{"rendered":"<p>laiendatav laud, m\u00f5\u00f5tmed: 140-220\/80\/77 cm, materjal: pind &#8211; laminaat MDF, ABS \u00e4\u00e4red, jalad &#8211; laminaat MDF, v\u00e4rv: pind &#8211; valge, jalad &#8211; valge<\/p>\n","protected":false},"featured_media":19550,"comment_status":"closed","ping_status":"closed","template":"","meta":{"_gspb_post_css":""},"product_brand":[],"product_cat":[190,167],"product_tag":[],"class_list":{"0":"post-39899","1":"product","2":"type-product","3":"status-publish","4":"has-post-thumbnail","6":"product_cat-soogilauad","7":"product_cat-soogituba","8":"pa_jalgade-arv-289","9":"pa_korgus-505","10":"pa_laius-353","11":"pa_laua-suurus-6-person","12":"pa_laua-varvus-valge","13":"pa_laua-viimistlus-matt","14":"pa_lauaplaadi-kuju-ristkulikukujuline","15":"pa_lauaplaadi-materjal-lamineeritud-puitlaastplaat","16":"pa_maximum-pikkus-4212","17":"pa_pakkide-arv-466","18":"pa_pikendatav-jah","19":"pa_raami-materjal-puit","20":"pa_stiil-skandinaavia","21":"pa_stiil-traditsiooniline","22":"pa_sugavus-4088","23":"pa_vahelaos-jah","24":"pa_varv-valge","26":"first","27":"instock","28":"sale","29":"purchasable","30":"product-type-simple"},"_links":{"self":[{"href":"https:\/\/www.nordi.ee\/en\/wp-json\/wp\/v2\/product\/39899","targetHints":{"allow":["GET"]}}],"collection":[{"href":"https:\/\/www.nordi.ee\/en\/wp-json\/wp\/v2\/product"}],"about":[{"href":"https:\/\/www.nordi.ee\/en\/wp-json\/wp\/v2\/types\/product"}],"replies":[{"embeddable":true,"href":"https:\/\/www.nordi.ee\/en\/wp-json\/wp\/v2\/comments?post=39899"}],"wp:featuredmedia":[{"embeddable":true,"href":"https:\/\/www.nordi.ee\/en\/wp-json\/wp\/v2\/media\/19550"}],"wp:attachment":[{"href":"https:\/\/www.nordi.ee\/en\/wp-json\/wp\/v2\/media?parent=39899"}],"wp:term":[{"taxonomy":"product_brand","embeddable":true,"href":"https:\/\/www.nordi.ee\/en\/wp-json\/wp\/v2\/product_brand?post=39899"},{"taxonomy":"product_cat","embeddable":true,"href":"https:\/\/www.nordi.ee\/en\/wp-json\/wp\/v2\/product_cat?post=39899"},{"taxonomy":"product_tag","embeddable":true,"href":"https:\/\/www.nordi.ee\/en\/wp-json\/wp\/v2\/product_tag?post=39899"}],"curies":[{"name":"wp","href":"https:\/\/api.w.org\/{rel}","templated":true}]}}