{"id":39893,"date":"2025-11-12T10:58:42","date_gmt":"2025-11-12T08:58:42","guid":{"rendered":"https:\/\/www.nordi.ee\/toode\/kapp-veraara-pahkel-must\/"},"modified":"2026-04-12T05:27:22","modified_gmt":"2026-04-12T02:27:22","slug":"kapp-veraara-pahkel-must","status":"publish","type":"product","link":"https:\/\/www.nordi.ee\/en\/toode\/kapp-veraara-pahkel-must\/","title":{"rendered":"Kapp VERAARA, p\u00e4hkel \/ must"},"content":{"rendered":"<p>m\u00f5\u00f5tmed: 102\/55\/179 cm; materjal: laminaatkiudplaat \/ laminaat MDF \/ pulberv\u00e4rvitud teras, v\u00e4rv: p\u00e4hkel \/ must<\/p>\n","protected":false},"excerpt":{"rendered":"<p>m\u00f5\u00f5tmed: 102\/55\/179 cm; materjal: laminaatkiudplaat \/ laminaat MDF \/ pulberv\u00e4rvitud teras, v\u00e4rv: p\u00e4hkel \/ must<\/p>\n","protected":false},"featured_media":19542,"comment_status":"closed","ping_status":"open","template":"","meta":{"_gspb_post_css":""},"product_brand":[],"product_cat":[166,194],"product_tag":[],"class_list":{"0":"post-39893","1":"product","2":"type-product","3":"status-publish","4":"has-post-thumbnail","6":"product_cat-magamistuba","7":"product_cat-riidekapid","8":"pa_korgus-2180","9":"pa_laius-1108","10":"pa_materjal-lamineeritud-mdf","11":"pa_materjal-lamineeritud-puitlaastplaat","12":"pa_materjal-pulbervarvitud-teras","13":"pa_stiil-kaasaegne","14":"pa_sugavus-539","15":"pa_vahelaos-jah","16":"pa_varv-must","17":"pa_varv-pahkel","19":"first","20":"instock","21":"sale","22":"purchasable","23":"product-type-simple"},"_links":{"self":[{"href":"https:\/\/www.nordi.ee\/en\/wp-json\/wp\/v2\/product\/39893","targetHints":{"allow":["GET"]}}],"collection":[{"href":"https:\/\/www.nordi.ee\/en\/wp-json\/wp\/v2\/product"}],"about":[{"href":"https:\/\/www.nordi.ee\/en\/wp-json\/wp\/v2\/types\/product"}],"replies":[{"embeddable":true,"href":"https:\/\/www.nordi.ee\/en\/wp-json\/wp\/v2\/comments?post=39893"}],"wp:featuredmedia":[{"embeddable":true,"href":"https:\/\/www.nordi.ee\/en\/wp-json\/wp\/v2\/media\/19542"}],"wp:attachment":[{"href":"https:\/\/www.nordi.ee\/en\/wp-json\/wp\/v2\/media?parent=39893"}],"wp:term":[{"taxonomy":"product_brand","embeddable":true,"href":"https:\/\/www.nordi.ee\/en\/wp-json\/wp\/v2\/product_brand?post=39893"},{"taxonomy":"product_cat","embeddable":true,"href":"https:\/\/www.nordi.ee\/en\/wp-json\/wp\/v2\/product_cat?post=39893"},{"taxonomy":"product_tag","embeddable":true,"href":"https:\/\/www.nordi.ee\/en\/wp-json\/wp\/v2\/product_tag?post=39893"}],"curies":[{"name":"wp","href":"https:\/\/api.w.org\/{rel}","templated":true}]}}