{"id":39889,"date":"2025-11-12T10:58:42","date_gmt":"2025-11-12T08:58:42","guid":{"rendered":"https:\/\/www.nordi.ee\/toode\/tv-alus-veraanto-pahkel-must\/"},"modified":"2026-04-13T05:27:30","modified_gmt":"2026-04-13T02:27:30","slug":"tv-alus-veraanto-pahkel-must","status":"publish","type":"product","link":"https:\/\/www.nordi.ee\/en\/toode\/tv-alus-veraanto-pahkel-must\/","title":{"rendered":"TV-alus VERAANTO, p\u00e4hkel \/ must"},"content":{"rendered":"<p>m\u00f5\u00f5tmed: 180\/40\/53 cm; materjal: laminaatplaadist viimistletud puit \/ laminaat MDF \/ pulberv\u00e4rvitud teras, v\u00e4rv: p\u00e4hkel \/ must<\/p>\n","protected":false},"excerpt":{"rendered":"<p>m\u00f5\u00f5tmed: 180\/40\/53 cm; materjal: laminaatplaadist viimistletud puit \/ laminaat MDF \/ pulberv\u00e4rvitud teras, v\u00e4rv: p\u00e4hkel \/ must<\/p>\n","protected":false},"featured_media":19538,"comment_status":"closed","ping_status":"open","template":"","meta":{"_gspb_post_css":""},"product_brand":[],"product_cat":[165,193],"product_tag":[],"class_list":{"0":"post-39889","1":"product","2":"type-product","3":"status-publish","4":"has-post-thumbnail","6":"product_cat-elutuba","7":"product_cat-tv-alused","8":"pa_korgus-951","9":"pa_laius-572","10":"pa_materjal-lamineeritud-mdf","11":"pa_materjal-lamineeritud-puitlaastplaat","12":"pa_materjal-pulbervarvitud-teras","13":"pa_pakkide-arv-226","14":"pa_stiil-kaasaegne","15":"pa_vahelaos-ei","16":"pa_varv-must","17":"pa_varv-pahkel","19":"first","20":"instock","21":"sale","22":"purchasable","23":"product-type-simple"},"_links":{"self":[{"href":"https:\/\/www.nordi.ee\/en\/wp-json\/wp\/v2\/product\/39889","targetHints":{"allow":["GET"]}}],"collection":[{"href":"https:\/\/www.nordi.ee\/en\/wp-json\/wp\/v2\/product"}],"about":[{"href":"https:\/\/www.nordi.ee\/en\/wp-json\/wp\/v2\/types\/product"}],"replies":[{"embeddable":true,"href":"https:\/\/www.nordi.ee\/en\/wp-json\/wp\/v2\/comments?post=39889"}],"wp:featuredmedia":[{"embeddable":true,"href":"https:\/\/www.nordi.ee\/en\/wp-json\/wp\/v2\/media\/19538"}],"wp:attachment":[{"href":"https:\/\/www.nordi.ee\/en\/wp-json\/wp\/v2\/media?parent=39889"}],"wp:term":[{"taxonomy":"product_brand","embeddable":true,"href":"https:\/\/www.nordi.ee\/en\/wp-json\/wp\/v2\/product_brand?post=39889"},{"taxonomy":"product_cat","embeddable":true,"href":"https:\/\/www.nordi.ee\/en\/wp-json\/wp\/v2\/product_cat?post=39889"},{"taxonomy":"product_tag","embeddable":true,"href":"https:\/\/www.nordi.ee\/en\/wp-json\/wp\/v2\/product_tag?post=39889"}],"curies":[{"name":"wp","href":"https:\/\/api.w.org\/{rel}","templated":true}]}}