{"id":39834,"date":"2025-11-12T10:55:20","date_gmt":"2025-11-12T08:55:20","guid":{"rendered":"https:\/\/www.nordi.ee\/toode\/elutoamoobli-komplekt-ventessa\/"},"modified":"2026-04-13T05:27:23","modified_gmt":"2026-04-13T02:27:23","slug":"elutoamoobli-komplekt-ventessa","status":"publish","type":"product","link":"https:\/\/www.nordi.ee\/en\/toode\/elutoamoobli-komplekt-ventessa\/","title":{"rendered":"Elutoam\u00f6\u00f6bli komplekt VENTESSA"},"content":{"rendered":"<p>m\u00f5\u00f5dud: 175\/39\/180 cm, materjal: laminaatpuitlaastplaadid \/ pol\u00fcprop\u00fcleen \/ klaas, v\u00e4rvid: lefkase tamm \/ must matt<\/p>\n","protected":false},"excerpt":{"rendered":"<p>m\u00f5\u00f5dud: 175\/39\/180 cm, materjal: laminaatpuitlaastplaadid \/ pol\u00fcprop\u00fcleen \/ klaas, v\u00e4rvid: lefkase tamm \/ must matt<\/p>\n","protected":false},"featured_media":19508,"comment_status":"closed","ping_status":"open","template":"","meta":{"_gspb_post_css":""},"product_brand":[],"product_cat":[4073],"product_tag":[],"class_list":{"0":"post-39834","1":"product","2":"type-product","3":"status-publish","4":"has-post-thumbnail","6":"product_cat-elutoamoobli-komplekt","7":"pa_korgus-1109","8":"pa_laius-2433","9":"pa_materjal-lamineeritud-puitlaastplaat","10":"pa_pakkide-arv-295","11":"pa_stiil-loft","12":"pa_stiil-moodne","13":"pa_sugavus-397","14":"pa_vahelaos-jah","15":"pa_varv-tamm","17":"first","18":"instock","19":"sale","20":"purchasable","21":"product-type-simple"},"_links":{"self":[{"href":"https:\/\/www.nordi.ee\/en\/wp-json\/wp\/v2\/product\/39834","targetHints":{"allow":["GET"]}}],"collection":[{"href":"https:\/\/www.nordi.ee\/en\/wp-json\/wp\/v2\/product"}],"about":[{"href":"https:\/\/www.nordi.ee\/en\/wp-json\/wp\/v2\/types\/product"}],"replies":[{"embeddable":true,"href":"https:\/\/www.nordi.ee\/en\/wp-json\/wp\/v2\/comments?post=39834"}],"wp:featuredmedia":[{"embeddable":true,"href":"https:\/\/www.nordi.ee\/en\/wp-json\/wp\/v2\/media\/19508"}],"wp:attachment":[{"href":"https:\/\/www.nordi.ee\/en\/wp-json\/wp\/v2\/media?parent=39834"}],"wp:term":[{"taxonomy":"product_brand","embeddable":true,"href":"https:\/\/www.nordi.ee\/en\/wp-json\/wp\/v2\/product_brand?post=39834"},{"taxonomy":"product_cat","embeddable":true,"href":"https:\/\/www.nordi.ee\/en\/wp-json\/wp\/v2\/product_cat?post=39834"},{"taxonomy":"product_tag","embeddable":true,"href":"https:\/\/www.nordi.ee\/en\/wp-json\/wp\/v2\/product_tag?post=39834"}],"curies":[{"name":"wp","href":"https:\/\/api.w.org\/{rel}","templated":true}]}}