{"id":39765,"date":"2025-11-12T10:32:46","date_gmt":"2025-11-12T08:32:46","guid":{"rendered":"https:\/\/www.nordi.ee\/toode\/silvia-ookapike-wotan-tamm-must\/"},"modified":"2026-04-12T05:27:07","modified_gmt":"2026-04-12T02:27:07","slug":"silvia-ookapike-wotan-tamm-must","status":"publish","type":"product","link":"https:\/\/www.nordi.ee\/en\/toode\/silvia-ookapike-wotan-tamm-must\/","title":{"rendered":"\u00d6\u00f6kapp SILVIO, wotan tamm &#8211; must"},"content":{"rendered":"<p>m\u00f5\u00f5dud: 40\/40\/52 cm, materjal: laminaatlaud \/ pol\u00fcprop\u00fcleen<br \/>\nv\u00e4rvid: wotan tamm &#8211; must,<\/p>\n","protected":false},"excerpt":{"rendered":"<p>m\u00f5\u00f5dud: 40\/40\/52 cm, materjal: laminaatlaud \/ pol\u00fcprop\u00fcleen v\u00e4rvid: wotan tamm &#8211; must,<\/p>\n","protected":false},"featured_media":19474,"comment_status":"closed","ping_status":"closed","template":"","meta":{"_gspb_post_css":""},"product_brand":[],"product_cat":[166,199],"product_tag":[],"class_list":{"0":"post-39765","1":"product","2":"type-product","3":"status-publish","4":"has-post-thumbnail","6":"product_cat-magamistuba","7":"product_cat-ookapid","8":"pa_kanga-varv-ilma-polstrita","9":"pa_korgus-1866","10":"pa_laius-572","11":"pa_pakkide-arv-226","12":"pa_sobiv-madratsi-suurus-brak-opcji","13":"pa_stiil-loft","14":"pa_sugavus-646","15":"pa_vahelaos-jah","16":"pa_varv-must","17":"pa_varv-tamm","19":"first","20":"instock","21":"sale","22":"purchasable","23":"product-type-simple"},"_links":{"self":[{"href":"https:\/\/www.nordi.ee\/en\/wp-json\/wp\/v2\/product\/39765","targetHints":{"allow":["GET"]}}],"collection":[{"href":"https:\/\/www.nordi.ee\/en\/wp-json\/wp\/v2\/product"}],"about":[{"href":"https:\/\/www.nordi.ee\/en\/wp-json\/wp\/v2\/types\/product"}],"replies":[{"embeddable":true,"href":"https:\/\/www.nordi.ee\/en\/wp-json\/wp\/v2\/comments?post=39765"}],"wp:featuredmedia":[{"embeddable":true,"href":"https:\/\/www.nordi.ee\/en\/wp-json\/wp\/v2\/media\/19474"}],"wp:attachment":[{"href":"https:\/\/www.nordi.ee\/en\/wp-json\/wp\/v2\/media?parent=39765"}],"wp:term":[{"taxonomy":"product_brand","embeddable":true,"href":"https:\/\/www.nordi.ee\/en\/wp-json\/wp\/v2\/product_brand?post=39765"},{"taxonomy":"product_cat","embeddable":true,"href":"https:\/\/www.nordi.ee\/en\/wp-json\/wp\/v2\/product_cat?post=39765"},{"taxonomy":"product_tag","embeddable":true,"href":"https:\/\/www.nordi.ee\/en\/wp-json\/wp\/v2\/product_tag?post=39765"}],"curies":[{"name":"wp","href":"https:\/\/api.w.org\/{rel}","templated":true}]}}