{"id":39764,"date":"2025-11-12T10:32:46","date_gmt":"2025-11-12T08:32:46","guid":{"rendered":"https:\/\/www.nordi.ee\/toode\/seweryn-160-300-cm-pikendatav-laud-varv-sonoma-tamm-valge\/"},"modified":"2026-04-13T05:27:19","modified_gmt":"2026-04-13T02:27:19","slug":"pikendatav-soogilaud-sewerin-tamm-valge","status":"publish","type":"product","link":"https:\/\/www.nordi.ee\/en\/toode\/pikendatav-soogilaud-sewerin-tamm-valge\/","title":{"rendered":"Pikendatav s\u00f6\u00f6gilaud SEWERIN, tamm \/ valge"},"content":{"rendered":"<p>laiendatav laud, m\u00f5\u00f5tmed: 160\u00f7300\/90\/76 cm, materjal: kate &#8211; laminaatm\u00f6\u00f6bel, ABS-plast \u00fcmber \u00e4\u00e4rte, jalad &#8211; laminaat MDF, v\u00e4rv: sonoma tamme \/ valge<\/p>\n","protected":false},"excerpt":{"rendered":"<p>laiendatav laud, m\u00f5\u00f5tmed: 160\u00f7300\/90\/76 cm, materjal: kate &#8211; laminaatm\u00f6\u00f6bel, ABS-plast \u00fcmber \u00e4\u00e4rte, jalad &#8211; laminaat MDF, v\u00e4rv: sonoma tamme \/ valge<\/p>\n","protected":false},"featured_media":19470,"comment_status":"closed","ping_status":"closed","template":"","meta":{"_gspb_post_css":""},"product_brand":[],"product_cat":[190,167],"product_tag":[],"class_list":{"0":"post-39764","1":"product","2":"type-product","3":"status-publish","4":"has-post-thumbnail","6":"product_cat-soogilauad","7":"product_cat-soogituba","8":"pa_jalgade-arv-289","9":"pa_korgus-406","10":"pa_laius-349","11":"pa_laua-suurus-6-person-12-person","12":"pa_laua-varvus-tamm","13":"pa_laua-varvus-valge","14":"pa_laua-viimistlus-matt","15":"pa_lauaplaadi-kuju-ristkulikukujuline","16":"pa_lauaplaadi-materjal-lamineeritud-puitlaastplaat","17":"pa_maximum-pikkus-4217","18":"pa_pakkide-arv-466","19":"pa_pikendatav-jah","20":"pa_raami-materjal-mdf","21":"pa_stiil-skandinaavia","22":"pa_stiil-traditsiooniline","23":"pa_sugavus-4084","24":"pa_vahelaos-jah","25":"pa_varv-tamm","27":"first","28":"instock","29":"sale","30":"purchasable","31":"product-type-simple"},"_links":{"self":[{"href":"https:\/\/www.nordi.ee\/en\/wp-json\/wp\/v2\/product\/39764","targetHints":{"allow":["GET"]}}],"collection":[{"href":"https:\/\/www.nordi.ee\/en\/wp-json\/wp\/v2\/product"}],"about":[{"href":"https:\/\/www.nordi.ee\/en\/wp-json\/wp\/v2\/types\/product"}],"replies":[{"embeddable":true,"href":"https:\/\/www.nordi.ee\/en\/wp-json\/wp\/v2\/comments?post=39764"}],"wp:featuredmedia":[{"embeddable":true,"href":"https:\/\/www.nordi.ee\/en\/wp-json\/wp\/v2\/media\/19470"}],"wp:attachment":[{"href":"https:\/\/www.nordi.ee\/en\/wp-json\/wp\/v2\/media?parent=39764"}],"wp:term":[{"taxonomy":"product_brand","embeddable":true,"href":"https:\/\/www.nordi.ee\/en\/wp-json\/wp\/v2\/product_brand?post=39764"},{"taxonomy":"product_cat","embeddable":true,"href":"https:\/\/www.nordi.ee\/en\/wp-json\/wp\/v2\/product_cat?post=39764"},{"taxonomy":"product_tag","embeddable":true,"href":"https:\/\/www.nordi.ee\/en\/wp-json\/wp\/v2\/product_tag?post=39764"}],"curies":[{"name":"wp","href":"https:\/\/api.w.org\/{rel}","templated":true}]}}