{"id":39750,"date":"2025-11-12T10:31:19","date_gmt":"2025-11-12T08:31:19","guid":{"rendered":"https:\/\/www.nordi.ee\/toode\/pikendatav-soogilaud-severo-tamm\/"},"modified":"2026-04-13T05:27:17","modified_gmt":"2026-04-13T02:27:17","slug":"pikendatav-soogilaud-severo-tamm","status":"publish","type":"product","link":"https:\/\/www.nordi.ee\/en\/toode\/pikendatav-soogilaud-severo-tamm\/","title":{"rendered":"Pikendatav s\u00f6\u00f6gilaud SEVERO, tamm"},"content":{"rendered":"<p>gradientlaud, m\u00f5\u00f5tmed: 160\u00f7300\/90\/76 cm, materjal: pind &#8211; laminaatm\u00f6\u00f6bli pind, ABS-plastik \u00e4\u00e4rtes, jalad &#8211; laminaat MDF, v\u00e4rv: k\u00e4sit\u00f6\u00f6 tamm<\/p>\n","protected":false},"excerpt":{"rendered":"<p>gradientlaud, m\u00f5\u00f5tmed: 160\u00f7300\/90\/76 cm, materjal: pind &#8211; laminaatm\u00f6\u00f6bli pind, ABS-plastik \u00e4\u00e4rtes, jalad &#8211; laminaat MDF, v\u00e4rv: k\u00e4sit\u00f6\u00f6 tamm<\/p>\n","protected":false},"featured_media":19462,"comment_status":"closed","ping_status":"open","template":"","meta":{"_gspb_post_css":""},"product_brand":[],"product_cat":[190,167],"product_tag":[],"class_list":{"0":"post-39750","1":"product","2":"type-product","3":"status-publish","4":"has-post-thumbnail","6":"product_cat-soogilauad","7":"product_cat-soogituba","8":"pa_jalgade-arv-289","9":"pa_korgus-406","10":"pa_laius-349","11":"pa_laua-suurus-12-person-6-person","12":"pa_laua-viimistlus-matt","13":"pa_lauaplaadi-kuju-ristkulikukujuline","14":"pa_lauaplaadi-materjal-lamineeritud-puitlaastplaat","15":"pa_maximum-pikkus-4217","16":"pa_pakkide-arv-466","17":"pa_pikendatav-jah","18":"pa_raami-materjal-mdf","19":"pa_stiil-traditsiooniline","20":"pa_sugavus-4084","21":"pa_vahelaos-ei","22":"pa_varv-tamm","24":"first","25":"instock","26":"sale","27":"purchasable","28":"product-type-simple"},"_links":{"self":[{"href":"https:\/\/www.nordi.ee\/en\/wp-json\/wp\/v2\/product\/39750","targetHints":{"allow":["GET"]}}],"collection":[{"href":"https:\/\/www.nordi.ee\/en\/wp-json\/wp\/v2\/product"}],"about":[{"href":"https:\/\/www.nordi.ee\/en\/wp-json\/wp\/v2\/types\/product"}],"replies":[{"embeddable":true,"href":"https:\/\/www.nordi.ee\/en\/wp-json\/wp\/v2\/comments?post=39750"}],"wp:featuredmedia":[{"embeddable":true,"href":"https:\/\/www.nordi.ee\/en\/wp-json\/wp\/v2\/media\/19462"}],"wp:attachment":[{"href":"https:\/\/www.nordi.ee\/en\/wp-json\/wp\/v2\/media?parent=39750"}],"wp:term":[{"taxonomy":"product_brand","embeddable":true,"href":"https:\/\/www.nordi.ee\/en\/wp-json\/wp\/v2\/product_brand?post=39750"},{"taxonomy":"product_cat","embeddable":true,"href":"https:\/\/www.nordi.ee\/en\/wp-json\/wp\/v2\/product_cat?post=39750"},{"taxonomy":"product_tag","embeddable":true,"href":"https:\/\/www.nordi.ee\/en\/wp-json\/wp\/v2\/product_tag?post=39750"}],"curies":[{"name":"wp","href":"https:\/\/api.w.org\/{rel}","templated":true}]}}