{"id":39743,"date":"2025-11-12T10:31:19","date_gmt":"2025-11-12T08:31:19","guid":{"rendered":"https:\/\/www.nordi.ee\/toode\/seweryn-160-300-cm-pikendatav-laud-varv-valge\/"},"modified":"2026-04-13T05:27:16","modified_gmt":"2026-04-13T02:27:16","slug":"pikendatav-soogilaud-sewerin-valge","status":"publish","type":"product","link":"https:\/\/www.nordi.ee\/en\/toode\/pikendatav-soogilaud-sewerin-valge\/","title":{"rendered":"Pikendatav s\u00f6\u00f6gilaud SEWERIN, valge"},"content":{"rendered":"<p>laiendatav laud, m\u00f5\u00f5tmed: 160\u00f7300\/90\/76 cm, materjal: pind &#8211; laminaatm\u00f6\u00f6bli pind, ABS-plastik servadel, jalad &#8211; laminaat MDF, v\u00e4rv: valge<\/p>\n","protected":false},"excerpt":{"rendered":"<p>laiendatav laud, m\u00f5\u00f5tmed: 160\u00f7300\/90\/76 cm, materjal: pind &#8211; laminaatm\u00f6\u00f6bli pind, ABS-plastik servadel, jalad &#8211; laminaat MDF, v\u00e4rv: valge<\/p>\n","protected":false},"featured_media":19456,"comment_status":"closed","ping_status":"closed","template":"","meta":{"_gspb_post_css":""},"product_brand":[],"product_cat":[190,167],"product_tag":[],"class_list":{"0":"post-39743","1":"product","2":"type-product","3":"status-publish","4":"has-post-thumbnail","6":"product_cat-soogilauad","7":"product_cat-soogituba","8":"pa_jalgade-arv-289","9":"pa_korgus-406","10":"pa_laius-349","11":"pa_laua-suurus-12-person-6-person","12":"pa_laua-varvus-valge","13":"pa_laua-viimistlus-matt","14":"pa_lauaplaadi-kuju-ristkulikukujuline","15":"pa_lauaplaadi-materjal-lamineeritud-puitlaastplaat","16":"pa_maximum-pikkus-4217","17":"pa_pakkide-arv-466","18":"pa_pikendatav-jah","19":"pa_raami-materjal-mdf","20":"pa_stiil-traditsiooniline","21":"pa_sugavus-4084","22":"pa_vahelaos-jah","23":"pa_varv-valge","25":"first","26":"instock","27":"sale","28":"purchasable","29":"product-type-simple"},"_links":{"self":[{"href":"https:\/\/www.nordi.ee\/en\/wp-json\/wp\/v2\/product\/39743","targetHints":{"allow":["GET"]}}],"collection":[{"href":"https:\/\/www.nordi.ee\/en\/wp-json\/wp\/v2\/product"}],"about":[{"href":"https:\/\/www.nordi.ee\/en\/wp-json\/wp\/v2\/types\/product"}],"replies":[{"embeddable":true,"href":"https:\/\/www.nordi.ee\/en\/wp-json\/wp\/v2\/comments?post=39743"}],"wp:featuredmedia":[{"embeddable":true,"href":"https:\/\/www.nordi.ee\/en\/wp-json\/wp\/v2\/media\/19456"}],"wp:attachment":[{"href":"https:\/\/www.nordi.ee\/en\/wp-json\/wp\/v2\/media?parent=39743"}],"wp:term":[{"taxonomy":"product_brand","embeddable":true,"href":"https:\/\/www.nordi.ee\/en\/wp-json\/wp\/v2\/product_brand?post=39743"},{"taxonomy":"product_cat","embeddable":true,"href":"https:\/\/www.nordi.ee\/en\/wp-json\/wp\/v2\/product_cat?post=39743"},{"taxonomy":"product_tag","embeddable":true,"href":"https:\/\/www.nordi.ee\/en\/wp-json\/wp\/v2\/product_tag?post=39743"}],"curies":[{"name":"wp","href":"https:\/\/api.w.org\/{rel}","templated":true}]}}