{"id":39709,"date":"2025-11-12T10:28:35","date_gmt":"2025-11-12T08:28:35","guid":{"rendered":"https:\/\/www.nordi.ee\/toode\/ruben-valislauad\/"},"modified":"2026-04-13T05:27:13","modified_gmt":"2026-04-13T02:27:13","slug":"umar-soogilaud-roben","status":"publish","type":"product","link":"https:\/\/www.nordi.ee\/en\/toode\/umar-soogilaud-roben\/","title":{"rendered":"\u00dcmar s\u00f6\u00f6gilaud ROBEN"},"content":{"rendered":"<p>m\u00f5\u00f5tmed: 102-142\/102\/73 cm, pikendatav laud, materjal: laminaat MDF \/ massiivpuu &#8211; haab, v\u00e4rv: pind &#8211; valge, jalad &#8211; mesi tamme<\/p>\n","protected":false},"excerpt":{"rendered":"<p>m\u00f5\u00f5tmed: 102-142\/102\/73 cm, pikendatav laud, materjal: laminaat MDF \/ massiivpuu &#8211; haab, v\u00e4rv: pind &#8211; valge, jalad &#8211; mesi tamme<\/p>\n","protected":false},"featured_media":19440,"comment_status":"closed","ping_status":"closed","template":"","meta":{"_gspb_post_css":""},"product_brand":[],"product_cat":[190,167],"product_tag":[],"class_list":{"0":"post-39709","1":"product","2":"type-product","3":"status-publish","4":"has-post-thumbnail","6":"product_cat-soogilauad","7":"product_cat-soogituba","8":"pa_jalgade-arv-289","9":"pa_korgus-695","10":"pa_laius-1108","11":"pa_laua-suurus-6-person-4-person","12":"pa_laua-varvus-valge","13":"pa_laua-viimistlus-matt","14":"pa_lauaplaadi-kuju-ovaalne","15":"pa_lauaplaadi-kuju-ummargune","16":"pa_lauaplaadi-materjal-lamineeritud-puitlaastplaat","17":"pa_maximum-pikkus-4232","18":"pa_pakkide-arv-295","19":"pa_pikendatav-jah","20":"pa_stiil-skandinaavia","21":"pa_sugavus-4161","22":"pa_vahelaos-jah","23":"pa_varv-tamm","24":"pa_varv-valge","26":"first","27":"instock","28":"sale","29":"purchasable","30":"product-type-simple"},"_links":{"self":[{"href":"https:\/\/www.nordi.ee\/en\/wp-json\/wp\/v2\/product\/39709","targetHints":{"allow":["GET"]}}],"collection":[{"href":"https:\/\/www.nordi.ee\/en\/wp-json\/wp\/v2\/product"}],"about":[{"href":"https:\/\/www.nordi.ee\/en\/wp-json\/wp\/v2\/types\/product"}],"replies":[{"embeddable":true,"href":"https:\/\/www.nordi.ee\/en\/wp-json\/wp\/v2\/comments?post=39709"}],"wp:featuredmedia":[{"embeddable":true,"href":"https:\/\/www.nordi.ee\/en\/wp-json\/wp\/v2\/media\/19440"}],"wp:attachment":[{"href":"https:\/\/www.nordi.ee\/en\/wp-json\/wp\/v2\/media?parent=39709"}],"wp:term":[{"taxonomy":"product_brand","embeddable":true,"href":"https:\/\/www.nordi.ee\/en\/wp-json\/wp\/v2\/product_brand?post=39709"},{"taxonomy":"product_cat","embeddable":true,"href":"https:\/\/www.nordi.ee\/en\/wp-json\/wp\/v2\/product_cat?post=39709"},{"taxonomy":"product_tag","embeddable":true,"href":"https:\/\/www.nordi.ee\/en\/wp-json\/wp\/v2\/product_tag?post=39709"}],"curies":[{"name":"wp","href":"https:\/\/api.w.org\/{rel}","templated":true}]}}