{"id":39646,"date":"2025-11-12T10:25:35","date_gmt":"2025-11-12T08:25:35","guid":{"rendered":"https:\/\/www.nordi.ee\/toode\/ringo-laud-toostuslik-tamme-valge\/"},"modified":"2026-04-13T05:27:10","modified_gmt":"2026-04-13T02:27:10","slug":"pikendatav-soogilaud-rinka-tamme-valge","status":"publish","type":"product","link":"https:\/\/www.nordi.ee\/en\/toode\/pikendatav-soogilaud-rinka-tamme-valge\/","title":{"rendered":"Pikendatav s\u00f6\u00f6gilaud RINKA tamme \/ valge"},"content":{"rendered":"<p>pikendustabel, m\u00f5\u00f5tmed: 102-142\/102\/76 cm, materjal: laminaat particleboard \/ laminaat MDF, v\u00e4rv: pealne &#8211; k\u00e4sit\u00f6\u00f6 tamm, jalad &#8211; valge<\/p>\n","protected":false},"excerpt":{"rendered":"<p>pikendustabel, m\u00f5\u00f5tmed: 102-142\/102\/76 cm, materjal: laminaat particleboard \/ laminaat MDF, v\u00e4rv: pealne &#8211; k\u00e4sit\u00f6\u00f6 tamm, jalad &#8211; valge<\/p>\n","protected":false},"featured_media":19420,"comment_status":"closed","ping_status":"closed","template":"","meta":{"_gspb_post_css":""},"product_brand":[],"product_cat":[190,167],"product_tag":[],"class_list":{"0":"post-39646","1":"product","2":"type-product","3":"status-publish","4":"has-post-thumbnail","6":"product_cat-soogilauad","7":"product_cat-soogituba","8":"pa_jalgade-arv-289","9":"pa_korgus-406","10":"pa_laius-1108","11":"pa_laua-suurus-6-person-4-person","12":"pa_laua-viimistlus-matt","13":"pa_lauaplaadi-kuju-ovaalne","14":"pa_lauaplaadi-kuju-ummargune","15":"pa_lauaplaadi-materjal-lamiiniga-kaetud-mdf","16":"pa_maximum-pikkus-4232","17":"pa_pakkide-arv-295","18":"pa_pikendatav-jah","19":"pa_raami-materjal-mdf","20":"pa_stiil-skandinaavia","21":"pa_stiil-traditsiooniline","22":"pa_sugavus-4161","23":"pa_vahelaos-jah","24":"pa_varv-tamm","25":"pa_varv-valge","27":"first","28":"instock","29":"sale","30":"purchasable","31":"product-type-simple"},"_links":{"self":[{"href":"https:\/\/www.nordi.ee\/en\/wp-json\/wp\/v2\/product\/39646","targetHints":{"allow":["GET"]}}],"collection":[{"href":"https:\/\/www.nordi.ee\/en\/wp-json\/wp\/v2\/product"}],"about":[{"href":"https:\/\/www.nordi.ee\/en\/wp-json\/wp\/v2\/types\/product"}],"replies":[{"embeddable":true,"href":"https:\/\/www.nordi.ee\/en\/wp-json\/wp\/v2\/comments?post=39646"}],"wp:featuredmedia":[{"embeddable":true,"href":"https:\/\/www.nordi.ee\/en\/wp-json\/wp\/v2\/media\/19420"}],"wp:attachment":[{"href":"https:\/\/www.nordi.ee\/en\/wp-json\/wp\/v2\/media?parent=39646"}],"wp:term":[{"taxonomy":"product_brand","embeddable":true,"href":"https:\/\/www.nordi.ee\/en\/wp-json\/wp\/v2\/product_brand?post=39646"},{"taxonomy":"product_cat","embeddable":true,"href":"https:\/\/www.nordi.ee\/en\/wp-json\/wp\/v2\/product_cat?post=39646"},{"taxonomy":"product_tag","embeddable":true,"href":"https:\/\/www.nordi.ee\/en\/wp-json\/wp\/v2\/product_tag?post=39646"}],"curies":[{"name":"wp","href":"https:\/\/api.w.org\/{rel}","templated":true}]}}