{"id":39595,"date":"2025-11-12T10:23:09","date_gmt":"2025-11-12T08:23:09","guid":{"rendered":"https:\/\/www.nordi.ee\/toode\/kapp-raveno-s-1-tamm-must\/"},"modified":"2026-04-13T05:27:06","modified_gmt":"2026-04-13T02:27:06","slug":"kapp-raveno-s-1-tamm-must","status":"publish","type":"product","link":"https:\/\/www.nordi.ee\/en\/toode\/kapp-raveno-s-1-tamm-must\/","title":{"rendered":"Kapp RAVENO S-1, tamm \/ must"},"content":{"rendered":"<p>ripphoidik, m\u00f5\u00f5tmed: 90\/55\/182 cm, materjal: laminaat MDF \/ laminaat puitlaastplaat \/ pol\u00fcprop\u00fcleen, v\u00e4rv: wotani tamm \/ must<\/p>\n","protected":false},"excerpt":{"rendered":"<p>ripphoidik, m\u00f5\u00f5tmed: 90\/55\/182 cm, materjal: laminaat MDF \/ laminaat puitlaastplaat \/ pol\u00fcprop\u00fcleen, v\u00e4rv: wotani tamm \/ must<\/p>\n","protected":false},"featured_media":19400,"comment_status":"closed","ping_status":"open","template":"","meta":{"_gspb_post_css":""},"product_brand":[],"product_cat":[166,194],"product_tag":[],"class_list":{"0":"post-39595","1":"product","2":"type-product","3":"status-publish","4":"has-post-thumbnail","6":"product_cat-magamistuba","7":"product_cat-riidekapid","8":"pa_korgus-2512","9":"pa_laius-349","10":"pa_materjal-laminaatpuit","11":"pa_materjal-lamineeritud-mdf","12":"pa_materjal-polupropuleen","13":"pa_pakkide-arv-226","14":"pa_stiil-moodne","15":"pa_stiil-loft","16":"pa_sugavus-539","17":"pa_vahelaos-jah","18":"pa_varv-tamm","19":"pa_varv-must","21":"first","22":"instock","23":"sale","24":"purchasable","25":"product-type-simple"},"_links":{"self":[{"href":"https:\/\/www.nordi.ee\/en\/wp-json\/wp\/v2\/product\/39595","targetHints":{"allow":["GET"]}}],"collection":[{"href":"https:\/\/www.nordi.ee\/en\/wp-json\/wp\/v2\/product"}],"about":[{"href":"https:\/\/www.nordi.ee\/en\/wp-json\/wp\/v2\/types\/product"}],"replies":[{"embeddable":true,"href":"https:\/\/www.nordi.ee\/en\/wp-json\/wp\/v2\/comments?post=39595"}],"wp:featuredmedia":[{"embeddable":true,"href":"https:\/\/www.nordi.ee\/en\/wp-json\/wp\/v2\/media\/19400"}],"wp:attachment":[{"href":"https:\/\/www.nordi.ee\/en\/wp-json\/wp\/v2\/media?parent=39595"}],"wp:term":[{"taxonomy":"product_brand","embeddable":true,"href":"https:\/\/www.nordi.ee\/en\/wp-json\/wp\/v2\/product_brand?post=39595"},{"taxonomy":"product_cat","embeddable":true,"href":"https:\/\/www.nordi.ee\/en\/wp-json\/wp\/v2\/product_cat?post=39595"},{"taxonomy":"product_tag","embeddable":true,"href":"https:\/\/www.nordi.ee\/en\/wp-json\/wp\/v2\/product_tag?post=39595"}],"curies":[{"name":"wp","href":"https:\/\/api.w.org\/{rel}","templated":true}]}}