{"id":39577,"date":"2025-11-12T10:23:09","date_gmt":"2025-11-12T08:23:09","guid":{"rendered":"https:\/\/www.nordi.ee\/toode\/televiisorialus-raveno-rtv-3-200-cm-tamm-must\/"},"modified":"2026-04-13T05:27:04","modified_gmt":"2026-04-13T02:27:04","slug":"televiisorialus-raveno-rtv-3-200-cm-tamm-must","status":"publish","type":"product","link":"https:\/\/www.nordi.ee\/en\/toode\/televiisorialus-raveno-rtv-3-200-cm-tamm-must\/","title":{"rendered":"Televiisorialus RAVENO RTV-3, 200 cm, tamm \/ must"},"content":{"rendered":"<p>Teleriiul, m\u00f5\u00f5dud: 200\/40\/52 cm, materjal: laminaat MDF \/ laminaat puitlaastplaat \/ pol\u00fcprop\u00fcleen, v\u00e4rv: wotan tamme \/ must<\/p>\n","protected":false},"excerpt":{"rendered":"<p>Teleriiul, m\u00f5\u00f5dud: 200\/40\/52 cm, materjal: laminaat MDF \/ laminaat puitlaastplaat \/ pol\u00fcprop\u00fcleen, v\u00e4rv: wotan tamme \/ must<\/p>\n","protected":false},"featured_media":19392,"comment_status":"closed","ping_status":"open","template":"","meta":{"_gspb_post_css":""},"product_brand":[],"product_cat":[165,193],"product_tag":[],"class_list":{"0":"post-39577","1":"product","2":"type-product","3":"status-publish","4":"has-post-thumbnail","6":"product_cat-elutuba","7":"product_cat-tv-alused","8":"pa_korgus-1866","9":"pa_laius-1019","10":"pa_materjal-lamineeritud-mdf","11":"pa_materjal-lamineeritud-puitlaastplaat","12":"pa_materjal-polupropuleen","13":"pa_pakkide-arv-295","14":"pa_stiil-moodne","15":"pa_stiil-loft","16":"pa_sugavus-646","17":"pa_vahelaos-jah","18":"pa_varv-tamm","19":"pa_varv-must","21":"first","22":"instock","23":"sale","24":"purchasable","25":"product-type-simple"},"_links":{"self":[{"href":"https:\/\/www.nordi.ee\/en\/wp-json\/wp\/v2\/product\/39577","targetHints":{"allow":["GET"]}}],"collection":[{"href":"https:\/\/www.nordi.ee\/en\/wp-json\/wp\/v2\/product"}],"about":[{"href":"https:\/\/www.nordi.ee\/en\/wp-json\/wp\/v2\/types\/product"}],"replies":[{"embeddable":true,"href":"https:\/\/www.nordi.ee\/en\/wp-json\/wp\/v2\/comments?post=39577"}],"wp:featuredmedia":[{"embeddable":true,"href":"https:\/\/www.nordi.ee\/en\/wp-json\/wp\/v2\/media\/19392"}],"wp:attachment":[{"href":"https:\/\/www.nordi.ee\/en\/wp-json\/wp\/v2\/media?parent=39577"}],"wp:term":[{"taxonomy":"product_brand","embeddable":true,"href":"https:\/\/www.nordi.ee\/en\/wp-json\/wp\/v2\/product_brand?post=39577"},{"taxonomy":"product_cat","embeddable":true,"href":"https:\/\/www.nordi.ee\/en\/wp-json\/wp\/v2\/product_cat?post=39577"},{"taxonomy":"product_tag","embeddable":true,"href":"https:\/\/www.nordi.ee\/en\/wp-json\/wp\/v2\/product_tag?post=39577"}],"curies":[{"name":"wp","href":"https:\/\/api.w.org\/{rel}","templated":true}]}}