{"id":39528,"date":"2025-11-12T10:20:51","date_gmt":"2025-11-12T08:20:51","guid":{"rendered":"https:\/\/www.nordi.ee\/toode\/riiul-raveno-p-2-tamm-must\/"},"modified":"2026-04-13T05:27:03","modified_gmt":"2026-04-13T02:27:03","slug":"riiul-raveno-p-2-tamm-must","status":"publish","type":"product","link":"https:\/\/www.nordi.ee\/en\/toode\/riiul-raveno-p-2-tamm-must\/","title":{"rendered":"Riiul RAVENO P-2, tamm \/ must"},"content":{"rendered":"<p>ripplae, m\u00f5\u00f5tmed: 180\/20\/25 cm, materjal: laminaat MDF \/ laminaat puitlaastplaadist \/ pol\u00fcprop\u00fcleen, v\u00e4rv: wotan tamme \/ must<\/p>\n","protected":false},"excerpt":{"rendered":"<p>ripplae, m\u00f5\u00f5tmed: 180\/20\/25 cm, materjal: laminaat MDF \/ laminaat puitlaastplaadist \/ pol\u00fcprop\u00fcleen, v\u00e4rv: wotan tamme \/ must<\/p>\n","protected":false},"featured_media":19381,"comment_status":"closed","ping_status":"open","template":"","meta":{"_gspb_post_css":""},"product_brand":[],"product_cat":[165,200],"product_tag":[],"class_list":{"0":"post-39528","1":"product","2":"type-product","3":"status-publish","4":"has-post-thumbnail","6":"product_cat-elutuba","7":"product_cat-riiulid","8":"pa_korgus-2509","9":"pa_laius-1300","10":"pa_materjal-lamiiniga-kaetud-mdf","11":"pa_pakkide-arv-226","12":"pa_stiil-kaasaegne","13":"pa_sugavus-2398","14":"pa_vahelaos-jah","15":"pa_varv-tamm","16":"pa_varv-must","18":"first","19":"instock","20":"sale","21":"purchasable","22":"product-type-simple"},"_links":{"self":[{"href":"https:\/\/www.nordi.ee\/en\/wp-json\/wp\/v2\/product\/39528","targetHints":{"allow":["GET"]}}],"collection":[{"href":"https:\/\/www.nordi.ee\/en\/wp-json\/wp\/v2\/product"}],"about":[{"href":"https:\/\/www.nordi.ee\/en\/wp-json\/wp\/v2\/types\/product"}],"replies":[{"embeddable":true,"href":"https:\/\/www.nordi.ee\/en\/wp-json\/wp\/v2\/comments?post=39528"}],"wp:featuredmedia":[{"embeddable":true,"href":"https:\/\/www.nordi.ee\/en\/wp-json\/wp\/v2\/media\/19381"}],"wp:attachment":[{"href":"https:\/\/www.nordi.ee\/en\/wp-json\/wp\/v2\/media?parent=39528"}],"wp:term":[{"taxonomy":"product_brand","embeddable":true,"href":"https:\/\/www.nordi.ee\/en\/wp-json\/wp\/v2\/product_brand?post=39528"},{"taxonomy":"product_cat","embeddable":true,"href":"https:\/\/www.nordi.ee\/en\/wp-json\/wp\/v2\/product_cat?post=39528"},{"taxonomy":"product_tag","embeddable":true,"href":"https:\/\/www.nordi.ee\/en\/wp-json\/wp\/v2\/product_tag?post=39528"}],"curies":[{"name":"wp","href":"https:\/\/api.w.org\/{rel}","templated":true}]}}