{"id":39510,"date":"2025-11-12T10:20:51","date_gmt":"2025-11-12T08:20:51","guid":{"rendered":"https:\/\/www.nordi.ee\/toode\/kohvilaud-raveno-law-1-tamm-must\/"},"modified":"2026-04-13T05:27:02","modified_gmt":"2026-04-13T02:27:02","slug":"kohvilaud-raveno-law-1-tamm-must","status":"publish","type":"product","link":"https:\/\/www.nordi.ee\/en\/toode\/kohvilaud-raveno-law-1-tamm-must\/","title":{"rendered":"Kohvilaud RAVENO LAW-1, tamm \/ must"},"content":{"rendered":"<p>kohvilaud, m\u00f5\u00f5dud: 92\/50\/40 cm, materjal: laminaat MDF \/ laminaat puitlaastplaat \/ pol\u00fcprop\u00fcleen, v\u00e4rv: wotani tamme \/ must<\/p>\n","protected":false},"excerpt":{"rendered":"<p>kohvilaud, m\u00f5\u00f5dud: 92\/50\/40 cm, materjal: laminaat MDF \/ laminaat puitlaastplaat \/ pol\u00fcprop\u00fcleen, v\u00e4rv: wotani tamme \/ must<\/p>\n","protected":false},"featured_media":19372,"comment_status":"closed","ping_status":"open","template":"","meta":{"_gspb_post_css":""},"product_brand":[],"product_cat":[178,165],"product_tag":[],"class_list":{"0":"post-39510","1":"product","2":"type-product","3":"status-publish","4":"has-post-thumbnail","6":"product_cat-diivanilauad","7":"product_cat-elutuba","8":"pa_korgus-311","9":"pa_laius-1181","10":"pa_laua-varvus-tamm","11":"pa_laua-viimistlus-matt","12":"pa_lauaplaadi-kuju-ristkulikukujuline","13":"pa_lauaplaadi-materjal-lamiiniga-kaetud-mdf","14":"pa_lisafunktsioonid-alumised-riiulid","15":"pa_materjal-lamiiniga-kaetud-mdf","16":"pa_pakkide-arv-226","17":"pa_raami-materjal-metall","18":"pa_raami-varv-must","19":"pa_stiil-kaasaegne","20":"pa_sugavus-705","21":"pa_vahelaos-jah","22":"pa_varv-tamm","23":"pa_varv-must","25":"first","26":"instock","27":"sale","28":"purchasable","29":"product-type-simple"},"_links":{"self":[{"href":"https:\/\/www.nordi.ee\/en\/wp-json\/wp\/v2\/product\/39510","targetHints":{"allow":["GET"]}}],"collection":[{"href":"https:\/\/www.nordi.ee\/en\/wp-json\/wp\/v2\/product"}],"about":[{"href":"https:\/\/www.nordi.ee\/en\/wp-json\/wp\/v2\/types\/product"}],"replies":[{"embeddable":true,"href":"https:\/\/www.nordi.ee\/en\/wp-json\/wp\/v2\/comments?post=39510"}],"wp:featuredmedia":[{"embeddable":true,"href":"https:\/\/www.nordi.ee\/en\/wp-json\/wp\/v2\/media\/19372"}],"wp:attachment":[{"href":"https:\/\/www.nordi.ee\/en\/wp-json\/wp\/v2\/media?parent=39510"}],"wp:term":[{"taxonomy":"product_brand","embeddable":true,"href":"https:\/\/www.nordi.ee\/en\/wp-json\/wp\/v2\/product_brand?post=39510"},{"taxonomy":"product_cat","embeddable":true,"href":"https:\/\/www.nordi.ee\/en\/wp-json\/wp\/v2\/product_cat?post=39510"},{"taxonomy":"product_tag","embeddable":true,"href":"https:\/\/www.nordi.ee\/en\/wp-json\/wp\/v2\/product_tag?post=39510"}],"curies":[{"name":"wp","href":"https:\/\/api.w.org\/{rel}","templated":true}]}}