{"id":39488,"date":"2025-11-12T10:14:46","date_gmt":"2025-11-12T08:14:46","guid":{"rendered":"https:\/\/www.nordi.ee\/toode\/kummut-raveno-km-2-tamm-must\/"},"modified":"2026-04-13T05:27:02","modified_gmt":"2026-04-13T02:27:02","slug":"kummut-raveno-km-2-tamm-must","status":"publish","type":"product","link":"https:\/\/www.nordi.ee\/en\/toode\/kummut-raveno-km-2-tamm-must\/","title":{"rendered":"Kummut RAVENO KM-2, tamm \/ must"},"content":{"rendered":"<p>kirst, m\u00f5\u00f5tmed: 100\/40\/95 cm, materjal: laminaat MDF \/ laminaat puitlaastplaat \/ pol\u00fcprop\u00fcleen, v\u00e4rv: wotani tamme \/ must<\/p>\n","protected":false},"excerpt":{"rendered":"<p>kirst, m\u00f5\u00f5tmed: 100\/40\/95 cm, materjal: laminaat MDF \/ laminaat puitlaastplaat \/ pol\u00fcprop\u00fcleen, v\u00e4rv: wotani tamme \/ must<\/p>\n","protected":false},"featured_media":19368,"comment_status":"closed","ping_status":"open","template":"","meta":{"_gspb_post_css":""},"product_brand":[],"product_cat":[4067],"product_tag":[],"class_list":{"0":"post-39488","1":"product","2":"type-product","3":"status-publish","4":"has-post-thumbnail","6":"product_cat-kummutid","7":"pa_korgus-411","8":"pa_laius-615","9":"pa_materjal-lamiiniga-kaetud-mdf","10":"pa_pakkide-arv-295","11":"pa_stiil-kaasaegne","12":"pa_sugavus-646","13":"pa_vahelaos-jah","14":"pa_varv-must","15":"pa_varv-tamm","17":"first","18":"instock","19":"sale","20":"purchasable","21":"product-type-simple"},"_links":{"self":[{"href":"https:\/\/www.nordi.ee\/en\/wp-json\/wp\/v2\/product\/39488","targetHints":{"allow":["GET"]}}],"collection":[{"href":"https:\/\/www.nordi.ee\/en\/wp-json\/wp\/v2\/product"}],"about":[{"href":"https:\/\/www.nordi.ee\/en\/wp-json\/wp\/v2\/types\/product"}],"replies":[{"embeddable":true,"href":"https:\/\/www.nordi.ee\/en\/wp-json\/wp\/v2\/comments?post=39488"}],"wp:featuredmedia":[{"embeddable":true,"href":"https:\/\/www.nordi.ee\/en\/wp-json\/wp\/v2\/media\/19368"}],"wp:attachment":[{"href":"https:\/\/www.nordi.ee\/en\/wp-json\/wp\/v2\/media?parent=39488"}],"wp:term":[{"taxonomy":"product_brand","embeddable":true,"href":"https:\/\/www.nordi.ee\/en\/wp-json\/wp\/v2\/product_brand?post=39488"},{"taxonomy":"product_cat","embeddable":true,"href":"https:\/\/www.nordi.ee\/en\/wp-json\/wp\/v2\/product_cat?post=39488"},{"taxonomy":"product_tag","embeddable":true,"href":"https:\/\/www.nordi.ee\/en\/wp-json\/wp\/v2\/product_tag?post=39488"}],"curies":[{"name":"wp","href":"https:\/\/api.w.org\/{rel}","templated":true}]}}