{"id":39442,"date":"2025-11-12T10:14:45","date_gmt":"2025-11-12T08:14:45","guid":{"rendered":"https:\/\/www.nordi.ee\/toode\/vitriinkapp-raveno-2-w-1-kasmiir-pahkel-must\/"},"modified":"2026-04-13T05:27:01","modified_gmt":"2026-04-13T02:27:01","slug":"vitriinkapp-raveno-2-w-1-kasmiir-pahkel-must","status":"publish","type":"product","link":"https:\/\/www.nordi.ee\/en\/toode\/vitriinkapp-raveno-2-w-1-kasmiir-pahkel-must\/","title":{"rendered":"Vitriinkapp RAVENO 2 W-1, ka\u0161miir \/ p\u00e4hkel \/ must"},"content":{"rendered":"<p>n\u00e4itusekapp, m\u00f5\u00f5dud: 60\/40\/182 cm, materjal: laminaat MDF \/ laminaat puitlaastplaadid \/ pol\u00fcprop\u00fcleen, v\u00e4rv: ka\u0161miir \/ p\u00e4hkel \/ must<\/p>\n","protected":false},"excerpt":{"rendered":"<p>n\u00e4itusekapp, m\u00f5\u00f5dud: 60\/40\/182 cm, materjal: laminaat MDF \/ laminaat puitlaastplaadid \/ pol\u00fcprop\u00fcleen, v\u00e4rv: ka\u0161miir \/ p\u00e4hkel \/ must<\/p>\n","protected":false},"featured_media":19360,"comment_status":"closed","ping_status":"closed","template":"","meta":{"_gspb_post_css":""},"product_brand":[],"product_cat":[165,205,4062],"product_tag":[],"class_list":{"0":"post-39442","1":"product","2":"type-product","3":"status-publish","4":"has-post-thumbnail","6":"product_cat-elutuba","7":"product_cat-kapid","8":"product_cat-vitriinkapid","9":"pa_korgus-2512","10":"pa_laius-310","11":"pa_materjal-laminaatpuit","12":"pa_materjal-lamineeritud-mdf","13":"pa_materjal-polupropuleen","14":"pa_pakkide-arv-295","15":"pa_stiil-kaasaegne","16":"pa_sugavus-646","17":"pa_vahelaos-jah","18":"pa_varv-pahkel","19":"pa_varv-beez","21":"first","22":"instock","23":"sale","24":"purchasable","25":"product-type-simple"},"_links":{"self":[{"href":"https:\/\/www.nordi.ee\/en\/wp-json\/wp\/v2\/product\/39442","targetHints":{"allow":["GET"]}}],"collection":[{"href":"https:\/\/www.nordi.ee\/en\/wp-json\/wp\/v2\/product"}],"about":[{"href":"https:\/\/www.nordi.ee\/en\/wp-json\/wp\/v2\/types\/product"}],"replies":[{"embeddable":true,"href":"https:\/\/www.nordi.ee\/en\/wp-json\/wp\/v2\/comments?post=39442"}],"wp:featuredmedia":[{"embeddable":true,"href":"https:\/\/www.nordi.ee\/en\/wp-json\/wp\/v2\/media\/19360"}],"wp:attachment":[{"href":"https:\/\/www.nordi.ee\/en\/wp-json\/wp\/v2\/media?parent=39442"}],"wp:term":[{"taxonomy":"product_brand","embeddable":true,"href":"https:\/\/www.nordi.ee\/en\/wp-json\/wp\/v2\/product_brand?post=39442"},{"taxonomy":"product_cat","embeddable":true,"href":"https:\/\/www.nordi.ee\/en\/wp-json\/wp\/v2\/product_cat?post=39442"},{"taxonomy":"product_tag","embeddable":true,"href":"https:\/\/www.nordi.ee\/en\/wp-json\/wp\/v2\/product_tag?post=39442"}],"curies":[{"name":"wp","href":"https:\/\/api.w.org\/{rel}","templated":true}]}}