{"id":39302,"date":"2025-11-12T10:11:00","date_gmt":"2025-11-12T08:11:00","guid":{"rendered":"https:\/\/www.nordi.ee\/toode\/televiisorialus-raveno-2-rtv-2-kasmiir-pahkel-must\/"},"modified":"2026-04-13T05:26:58","modified_gmt":"2026-04-13T02:26:58","slug":"televiisorialus-raveno-2-rtv-2-kasmiir-pahkel-must","status":"publish","type":"product","link":"https:\/\/www.nordi.ee\/en\/toode\/televiisorialus-raveno-2-rtv-2-kasmiir-pahkel-must\/","title":{"rendered":"Televiisorialus RAVENO 2 RTV-2, ka\u0161miir \/ p\u00e4hkel \/ must"},"content":{"rendered":"<p>TV-alus, m\u00f5\u00f5tmed: 180\/40\/52 cm, materjal: laminaat MDF \/ laminaat puitlaastplaadist \/ pol\u00fcprop\u00fcleen, v\u00e4rv: ka\u0161miir \/ p\u00e4hkel \/ must<\/p>\n","protected":false},"excerpt":{"rendered":"<p>TV-alus, m\u00f5\u00f5tmed: 180\/40\/52 cm, materjal: laminaat MDF \/ laminaat puitlaastplaadist \/ pol\u00fcprop\u00fcleen, v\u00e4rv: ka\u0161miir \/ p\u00e4hkel \/ must<\/p>\n","protected":false},"featured_media":19344,"comment_status":"closed","ping_status":"open","template":"","meta":{"_gspb_post_css":""},"product_brand":[],"product_cat":[165,193],"product_tag":[],"class_list":{"0":"post-39302","1":"product","2":"type-product","3":"status-publish","4":"has-post-thumbnail","6":"product_cat-elutuba","7":"product_cat-tv-alused","8":"pa_korgus-1866","9":"pa_laius-1300","10":"pa_materjal-lamineeritud-mdf","11":"pa_materjal-lamineeritud-puitlaastplaat","12":"pa_materjal-polupropuleen","13":"pa_pakkide-arv-295","14":"pa_stiil-kaasaegne","15":"pa_sugavus-646","16":"pa_vahelaos-jah","17":"pa_varv-pahkel","18":"pa_varv-beez","20":"first","21":"instock","22":"sale","23":"purchasable","24":"product-type-simple"},"_links":{"self":[{"href":"https:\/\/www.nordi.ee\/en\/wp-json\/wp\/v2\/product\/39302","targetHints":{"allow":["GET"]}}],"collection":[{"href":"https:\/\/www.nordi.ee\/en\/wp-json\/wp\/v2\/product"}],"about":[{"href":"https:\/\/www.nordi.ee\/en\/wp-json\/wp\/v2\/types\/product"}],"replies":[{"embeddable":true,"href":"https:\/\/www.nordi.ee\/en\/wp-json\/wp\/v2\/comments?post=39302"}],"wp:featuredmedia":[{"embeddable":true,"href":"https:\/\/www.nordi.ee\/en\/wp-json\/wp\/v2\/media\/19344"}],"wp:attachment":[{"href":"https:\/\/www.nordi.ee\/en\/wp-json\/wp\/v2\/media?parent=39302"}],"wp:term":[{"taxonomy":"product_brand","embeddable":true,"href":"https:\/\/www.nordi.ee\/en\/wp-json\/wp\/v2\/product_brand?post=39302"},{"taxonomy":"product_cat","embeddable":true,"href":"https:\/\/www.nordi.ee\/en\/wp-json\/wp\/v2\/product_cat?post=39302"},{"taxonomy":"product_tag","embeddable":true,"href":"https:\/\/www.nordi.ee\/en\/wp-json\/wp\/v2\/product_tag?post=39302"}],"curies":[{"name":"wp","href":"https:\/\/api.w.org\/{rel}","templated":true}]}}