{"id":39266,"date":"2025-11-12T10:08:15","date_gmt":"2025-11-12T08:08:15","guid":{"rendered":"https:\/\/www.nordi.ee\/toode\/kohvilaud-raveno-2-law-1-kasmiir-pahkel-must\/"},"modified":"2026-04-13T05:26:56","modified_gmt":"2026-04-13T02:26:56","slug":"kohvilaud-raveno-2-law-1-kasmiir-pahkel-must","status":"publish","type":"product","link":"https:\/\/www.nordi.ee\/en\/toode\/kohvilaud-raveno-2-law-1-kasmiir-pahkel-must\/","title":{"rendered":"Kohvilaud RAVENO 2 LAW-1, ka\u0161miir \/ p\u00e4hkel \/ must"},"content":{"rendered":"<p>kohvilaud, m\u00f5\u00f5tmed: 92\/50\/40 cm, materjal: laminaat MDF \/ laminaat puitkiudplaat \/ pol\u00fcprop\u00fcleen, v\u00e4rv: ka\u0161miir \/ p\u00e4hkel \/ must<\/p>\n","protected":false},"excerpt":{"rendered":"<p>kohvilaud, m\u00f5\u00f5tmed: 92\/50\/40 cm, materjal: laminaat MDF \/ laminaat puitkiudplaat \/ pol\u00fcprop\u00fcleen, v\u00e4rv: ka\u0161miir \/ p\u00e4hkel \/ must<\/p>\n","protected":false},"featured_media":19328,"comment_status":"closed","ping_status":"open","template":"","meta":{"_gspb_post_css":""},"product_brand":[],"product_cat":[178,165],"product_tag":[],"class_list":{"0":"post-39266","1":"product","2":"type-product","3":"status-publish","4":"has-post-thumbnail","6":"product_cat-diivanilauad","7":"product_cat-elutuba","8":"pa_korgus-311","9":"pa_laius-1181","10":"pa_laua-varvus-pahkel","11":"pa_laua-viimistlus-matt","12":"pa_lauaplaadi-kuju-ristkulikukujuline","13":"pa_lauaplaadi-materjal-lamiiniga-kaetud-mdf","14":"pa_lisafunktsioonid-alumised-riiulid","15":"pa_materjal-laminaatpuit","16":"pa_materjal-lamineeritud-mdf","17":"pa_materjal-polupropuleen","18":"pa_pakkide-arv-226","19":"pa_raami-materjal-mdf","20":"pa_raami-varv-kasmiir","21":"pa_stiil-kaasaegne","22":"pa_sugavus-705","23":"pa_vahelaos-jah","24":"pa_varv-pahkel","25":"pa_varv-beez","27":"first","28":"instock","29":"sale","30":"purchasable","31":"product-type-simple"},"_links":{"self":[{"href":"https:\/\/www.nordi.ee\/en\/wp-json\/wp\/v2\/product\/39266","targetHints":{"allow":["GET"]}}],"collection":[{"href":"https:\/\/www.nordi.ee\/en\/wp-json\/wp\/v2\/product"}],"about":[{"href":"https:\/\/www.nordi.ee\/en\/wp-json\/wp\/v2\/types\/product"}],"replies":[{"embeddable":true,"href":"https:\/\/www.nordi.ee\/en\/wp-json\/wp\/v2\/comments?post=39266"}],"wp:featuredmedia":[{"embeddable":true,"href":"https:\/\/www.nordi.ee\/en\/wp-json\/wp\/v2\/media\/19328"}],"wp:attachment":[{"href":"https:\/\/www.nordi.ee\/en\/wp-json\/wp\/v2\/media?parent=39266"}],"wp:term":[{"taxonomy":"product_brand","embeddable":true,"href":"https:\/\/www.nordi.ee\/en\/wp-json\/wp\/v2\/product_brand?post=39266"},{"taxonomy":"product_cat","embeddable":true,"href":"https:\/\/www.nordi.ee\/en\/wp-json\/wp\/v2\/product_cat?post=39266"},{"taxonomy":"product_tag","embeddable":true,"href":"https:\/\/www.nordi.ee\/en\/wp-json\/wp\/v2\/product_tag?post=39266"}],"curies":[{"name":"wp","href":"https:\/\/api.w.org\/{rel}","templated":true}]}}